{"id":1851,"date":"2024-08-02T15:17:58","date_gmt":"2024-08-02T12:17:58","guid":{"rendered":"https:\/\/turkey-cares.local\/why-turkey\/"},"modified":"2026-02-25T14:28:37","modified_gmt":"2026-02-25T11:28:37","slug":"neden-turkiye","status":"publish","type":"page","link":"https:\/\/trkycares.com\/tr\/neden-turkiye\/","title":{"rendered":"NEDEN T\u00dcRK\u0130YE?"},"content":{"rendered":"<p>T\u00fcrkiye, modern t\u0131bbi teknolojileri ve y\u00fcksek sa\u011fl\u0131k hizmeti standartlar\u0131yla d\u00fcnyan\u0131n her yerinden hastalar\u0131 a\u011f\u0131rlamaktad\u0131r. Peki, sa\u011fl\u0131k i\u00e7in T\u00fcrkiye&#8217;yi se\u00e7menin daha fazla nedeni nedir? \u0130\u015fte cevaplar&#8230;<\/p>\n<p><img loading=\"lazy\" decoding=\"async\" class=\"aligncenter size-full wp-image-866\" src=\"https:\/\/trkycares.com\/wp-content\/uploads\/2024\/08\/whyturkey.jpg\" alt=\"\" width=\"1330\" height=\"250\" srcset=\"https:\/\/trkycares.com\/wp-content\/uploads\/2024\/08\/whyturkey.jpg 1330w, https:\/\/trkycares.com\/wp-content\/uploads\/2024\/08\/whyturkey-300x56.jpg 300w, https:\/\/trkycares.com\/wp-content\/uploads\/2024\/08\/whyturkey-1024x192.jpg 1024w, https:\/\/trkycares.com\/wp-content\/uploads\/2024\/08\/whyturkey-768x144.jpg 768w\" sizes=\"auto, (max-width: 1330px) 100vw, 1330px\" \/><\/p>\n<h2>Sa\u011fl\u0131k Turizminde K\u00fcresel Bir Lider<\/h2>\n<p>Sa\u011fl\u0131k turizmi, d\u00fcnya genelinde kaliteli t\u0131bbi bak\u0131m arayan bir\u00e7ok ki\u015fi i\u00e7in \u00f6nemli bir rol oynamaktad\u0131r. Bu alanda \u00f6ne \u00e7\u0131kan \u00fclkelerden biri olarak, T\u00fcrkiye her y\u0131l y\u00fcz binlerce uluslararas\u0131 hastay\u0131 a\u011f\u0131rlamaktad\u0131r. Peki, d\u00fcnya genelinden hastalar neden T\u00fcrkiye&#8217;yi tercih ediyor? \u0130\u015fte ba\u015fl\u0131ca nedenler:<\/p>\n<h3>Uygun Fiyatl\u0131 Y\u00fcksek Kaliteli Sa\u011fl\u0131k Hizmetleri<\/h3>\n<p>T\u00fcrkiye, Bat\u0131 \u00fclkeleriyle kar\u015f\u0131la\u015ft\u0131r\u0131labilir hatta bazen daha \u00fcst\u00fcn standartlarda ileri t\u0131bbi prosed\u00fcrler ve tedaviler sunar, ancak \u00e7ok daha uygun maliyetlerle. \u00d6zellikle ABD ve Avrupa&#8217;dan gelen hastalar i\u00e7in, T\u00fcrkiye&#8217;deki sa\u011fl\u0131k hizmetleri %50-70 daha d\u00fc\u015f\u00fck maliyetli olabilir. Bu, \u00f6zellikle b\u00fcy\u00fck ameliyatlar ve uzun s\u00fcreli tedaviler i\u00e7in \u00f6nemli bir finansal tasarruf sa\u011flar.<\/p>\n<h3>Uzman T\u0131bbi Kadro ve Geli\u015fmi\u015f Teknoloji<\/h3>\n<p>T\u00fcrkiye&#8217;deki hastaneler, en son teknolojiye sahip ekipmanlar ve y\u00fcksek standartlarda t\u0131bbi altyap\u0131yla donat\u0131lm\u0131\u015ft\u0131r. Pek \u00e7ok T\u00fcrk doktor ve cerrah, uluslararas\u0131 e\u011fitim alm\u0131\u015f ve kendi alanlar\u0131nda uzmanla\u015fm\u0131\u015f olup, estetik cerrahi, kardiyoloji, onkoloji, ortopedi ve daha bir\u00e7ok alanda d\u00fcnya \u00e7ap\u0131nda hizmet sunmaktad\u0131r.<\/p>\n<h3>Jeopolitik Konum ve Kolay Eri\u015fim<\/h3>\n<p>T\u00fcrkiye&#8217;nin jeopolitik konumu, Avrupa, Asya ve Orta Do\u011fu aras\u0131nda bir k\u00f6pr\u00fc i\u015flevi g\u00f6r\u00fcr. \u0130stanbul gibi \u015fehirler, d\u00fcnya \u00e7ap\u0131ndaki bir\u00e7ok b\u00fcy\u00fck \u015fehirden do\u011frudan u\u00e7u\u015flarla kolayca ula\u015f\u0131labilir, bu da T\u00fcrkiye&#8217;yi uluslararas\u0131 hastalar i\u00e7in cazip bir destinasyon haline getirir.<\/p>\n<h3>Zengin K\u00fclt\u00fcrel ve Tarihi Miras<\/h3>\n<p>Sa\u011fl\u0131k hizmetlerinin yan\u0131 s\u0131ra, T\u00fcrkiye&#8217;nin zengin k\u00fclt\u00fcrel ve tarihi miras\u0131, hastalar ve refakat\u00e7ileri i\u00e7in ek bir cazibe unsuru sunar. \u0130stanbul, Kapadokya ve Antalya gibi destinasyonlar, d\u00fcnya standartlar\u0131nda sa\u011fl\u0131k hizmetlerinin yan\u0131 s\u0131ra unutulmaz turistik deneyimler de sunar.<\/p>\n<h3>Hastane ve \u0130yile\u015fme Tesislerinin Entegrasyonu<\/h3>\n<p>T\u00fcrkiye, hastane ve iyile\u015fme tesislerini birle\u015ftiren benzersiz sa\u011fl\u0131k turizmi paketleri sunar. Bir\u00e7ok hastane, konforlu konaklama se\u00e7enekleri ve do\u011fal kapl\u0131calar ile wellness merkezleri ile i\u015fbirli\u011fi yapar ve bunlar rehabilitasyon i\u00e7in idealdir. Bu, hastalar\u0131n tedavi s\u00fcresince rahat ve stresiz bir ortamda kalmalar\u0131n\u0131 sa\u011flar.<\/p>\n","protected":false},"excerpt":{"rendered":"<p>T\u00fcrkiye, modern t\u0131bbi teknolojileri ve y\u00fcksek sa\u011fl\u0131k hizmeti standartlar\u0131yla d\u00fcnyan\u0131n her yerinden hastalar\u0131 a\u011f\u0131rlamaktad\u0131r. Peki, sa\u011fl\u0131k i\u00e7in T\u00fcrkiye&#8217;yi se\u00e7menin daha fazla nedeni nedir? \u0130\u015fte cevaplar&#8230;&#8230;<\/p>\n","protected":false},"author":3,"featured_media":0,"parent":0,"menu_order":0,"comment_status":"closed","ping_status":"closed","template":"page-why-turkey.php","meta":{"_acf_changed":false,"footnotes":""},"class_list":["post-1851","page","type-page","status-publish","hentry"],"acf":[],"_links":{"self":[{"href":"https:\/\/trkycares.com\/tr\/wp-json\/wp\/v2\/pages\/1851","targetHints":{"allow":["GET"]}}],"collection":[{"href":"https:\/\/trkycares.com\/tr\/wp-json\/wp\/v2\/pages"}],"about":[{"href":"https:\/\/trkycares.com\/tr\/wp-json\/wp\/v2\/types\/page"}],"author":[{"embeddable":true,"href":"https:\/\/trkycares.com\/tr\/wp-json\/wp\/v2\/users\/3"}],"replies":[{"embeddable":true,"href":"https:\/\/trkycares.com\/tr\/wp-json\/wp\/v2\/comments?post=1851"}],"version-history":[{"count":0,"href":"https:\/\/trkycares.com\/tr\/wp-json\/wp\/v2\/pages\/1851\/revisions"}],"wp:attachment":[{"href":"https:\/\/trkycares.com\/tr\/wp-json\/wp\/v2\/media?parent=1851"}],"curies":[{"name":"wp","href":"https:\/\/api.w.org\/{rel}","templated":true}]}}