{"id":1845,"date":"2024-07-18T15:56:29","date_gmt":"2024-07-18T12:56:29","guid":{"rendered":"https:\/\/turkey-cares.local\/stomach-reduction\/"},"modified":"2026-04-13T16:06:49","modified_gmt":"2026-04-13T13:06:49","slug":"mide-kucultme","status":"publish","type":"page","link":"https:\/\/trkycares.com\/tr\/mide-kucultme\/","title":{"rendered":"Mide K\u00fc\u00e7\u00fcltme"},"content":{"rendered":"<p>2020&#8217;lerde, neredeyse her ya\u015f grubundan insanlar obezite sorunlar\u0131yla kar\u015f\u0131la\u015f\u0131yor. Kilo kayb\u0131 diyet, egzersiz ve beslenme al\u0131\u015fkanl\u0131klar\u0131n\u0131 de\u011fi\u015ftirme yoluyla m\u00fcmk\u00fcn olabilir. Ancak baz\u0131 insanlar ne yaparsa yaps\u0131n kilo veremez. Bu noktada cerrahi m\u00fcdahaleler devreye girer. Mide k\u00fc\u00e7\u00fcltme ameliyat\u0131, kilo vermekte zorlanan bireyler i\u00e7in kal\u0131c\u0131 ve etkili bir \u00e7\u00f6z\u00fcm sunar. Bu ameliyat, yiyecek al\u0131m\u0131n\u0131 azaltarak ve daha h\u0131zl\u0131 bir doygunluk hissi sa\u011flayarak ki\u015filerin kilo vermelerine yard\u0131mc\u0131 olur.<\/p>\n","protected":false},"excerpt":{"rendered":"<p>2020&#8217;lerde, neredeyse her ya\u015f grubundan insanlar obezite sorunlar\u0131yla kar\u015f\u0131la\u015f\u0131yor. Kilo kayb\u0131 diyet, egzersiz ve beslenme al\u0131\u015fkanl\u0131klar\u0131n\u0131 de\u011fi\u015ftirme yoluyla m\u00fcmk\u00fcn olabilir. Ancak baz\u0131 insanlar ne yaparsa&#8230;<\/p>\n","protected":false},"author":3,"featured_media":0,"parent":0,"menu_order":0,"comment_status":"closed","ping_status":"closed","template":"page-hizmet-detay.php","meta":{"_acf_changed":false,"footnotes":""},"class_list":["post-1845","page","type-page","status-publish","hentry"],"acf":[],"_links":{"self":[{"href":"https:\/\/trkycares.com\/tr\/wp-json\/wp\/v2\/pages\/1845","targetHints":{"allow":["GET"]}}],"collection":[{"href":"https:\/\/trkycares.com\/tr\/wp-json\/wp\/v2\/pages"}],"about":[{"href":"https:\/\/trkycares.com\/tr\/wp-json\/wp\/v2\/types\/page"}],"author":[{"embeddable":true,"href":"https:\/\/trkycares.com\/tr\/wp-json\/wp\/v2\/users\/3"}],"replies":[{"embeddable":true,"href":"https:\/\/trkycares.com\/tr\/wp-json\/wp\/v2\/comments?post=1845"}],"version-history":[{"count":0,"href":"https:\/\/trkycares.com\/tr\/wp-json\/wp\/v2\/pages\/1845\/revisions"}],"wp:attachment":[{"href":"https:\/\/trkycares.com\/tr\/wp-json\/wp\/v2\/media?parent=1845"}],"curies":[{"name":"wp","href":"https:\/\/api.w.org\/{rel}","templated":true}]}}