{"id":1839,"date":"2024-07-18T16:05:32","date_gmt":"2024-07-18T13:05:32","guid":{"rendered":"https:\/\/turkey-cares.local\/ophthalmology\/"},"modified":"2026-02-25T15:57:06","modified_gmt":"2026-02-25T12:57:06","slug":"oftalmoloji","status":"publish","type":"page","link":"https:\/\/trkycares.com\/tr\/oftalmoloji\/","title":{"rendered":"Oftalmoloji"},"content":{"rendered":"<p>Pek \u00e7ok gen\u00e7, t\u0131p okumay\u0131 hayal eder ve alt\u0131 y\u0131l s\u00fcren t\u0131p e\u011fitiminden sonra ihtisas e\u011fitimine ge\u00e7erler. T\u0131p fak\u00fcltesi mezunlar\u0131 genellikle hangi alanda uzmanla\u015facaklar\u0131na karar vermekte zorlan\u0131rlar. Oftalmoloji, bir\u00e7ok ki\u015finin a\u015fina olmad\u0131\u011f\u0131 bir alan olmas\u0131na ra\u011fmen, T\u00fcrkiye&#8217;de insanlar\u0131n g\u00f6rme problemlerine kritik \u00e7\u00f6z\u00fcmler sunar. Geli\u015fmi\u015f oftalmoloji tedavileri arac\u0131l\u0131\u011f\u0131yla T\u00fcrkiye Cares, \u00e7e\u015fitli g\u00f6z hastal\u0131klar\u0131ndan muzdarip bireylerin ya\u015fam kalitesini art\u0131rmay\u0131 hedefler, uzman bak\u0131m\u0131 ve yenilik\u00e7i \u00e7\u00f6z\u00fcmleriyle g\u00f6rme sa\u011fl\u0131\u011f\u0131n\u0131 koruma ve yeniden kazand\u0131rma konusunda hizmet verir.<\/p>\n","protected":false},"excerpt":{"rendered":"<p>Pek \u00e7ok gen\u00e7, t\u0131p okumay\u0131 hayal eder ve alt\u0131 y\u0131l s\u00fcren t\u0131p e\u011fitiminden sonra ihtisas e\u011fitimine ge\u00e7erler. T\u0131p fak\u00fcltesi mezunlar\u0131 genellikle hangi alanda uzmanla\u015facaklar\u0131na karar&#8230;<\/p>\n","protected":false},"author":3,"featured_media":0,"parent":0,"menu_order":0,"comment_status":"closed","ping_status":"closed","template":"page-hizmet-detay.php","meta":{"_acf_changed":false,"footnotes":""},"class_list":["post-1839","page","type-page","status-publish","hentry"],"acf":[],"_links":{"self":[{"href":"https:\/\/trkycares.com\/tr\/wp-json\/wp\/v2\/pages\/1839","targetHints":{"allow":["GET"]}}],"collection":[{"href":"https:\/\/trkycares.com\/tr\/wp-json\/wp\/v2\/pages"}],"about":[{"href":"https:\/\/trkycares.com\/tr\/wp-json\/wp\/v2\/types\/page"}],"author":[{"embeddable":true,"href":"https:\/\/trkycares.com\/tr\/wp-json\/wp\/v2\/users\/3"}],"replies":[{"embeddable":true,"href":"https:\/\/trkycares.com\/tr\/wp-json\/wp\/v2\/comments?post=1839"}],"version-history":[{"count":0,"href":"https:\/\/trkycares.com\/tr\/wp-json\/wp\/v2\/pages\/1839\/revisions"}],"wp:attachment":[{"href":"https:\/\/trkycares.com\/tr\/wp-json\/wp\/v2\/media?parent=1839"}],"curies":[{"name":"wp","href":"https:\/\/api.w.org\/{rel}","templated":true}]}}