{"id":1829,"date":"2024-07-18T14:35:03","date_gmt":"2024-07-18T11:35:03","guid":{"rendered":"https:\/\/turkey-cares.local\/aesthetic-surgery\/"},"modified":"2026-02-24T22:36:32","modified_gmt":"2026-02-24T19:36:32","slug":"estetik-cerrahi","status":"publish","type":"page","link":"https:\/\/trkycares.com\/tr\/estetik-cerrahi\/","title":{"rendered":"ESTET\u0130K CERRAH\u0130"},"content":{"rendered":"<h4>Ya\u015fam Kalitenizi Koruyun<\/h4>\n<h2>ESTET\u0130K CERRAH\u0130<\/h2>\n<p>Turkey Cares, T\u00fcrkiye&#8217;deki tan\u0131nm\u0131\u015f ve pop\u00fcler estetik operasyonlar\u0131 sunar. Rinoplasti, meme kald\u0131rma ve liposuction gibi i\u015flemler, en son t\u0131bbi teknolojiye sahip prestijli hastanelerde, uzman sa\u011fl\u0131k profesyonellerinin g\u00f6zetiminde ger\u00e7ekle\u015ftirilir.<\/p>\n<p>&nbsp;<\/p>\n","protected":false},"excerpt":{"rendered":"<p>Ya\u015fam Kalitenizi Koruyun ESTET\u0130K CERRAH\u0130 Turkey Cares, T\u00fcrkiye&#8217;deki tan\u0131nm\u0131\u015f ve pop\u00fcler estetik operasyonlar\u0131 sunar. Rinoplasti, meme kald\u0131rma ve liposuction gibi i\u015flemler, en son t\u0131bbi teknolojiye&#8230;<\/p>\n","protected":false},"author":3,"featured_media":0,"parent":0,"menu_order":0,"comment_status":"closed","ping_status":"closed","template":"page-hizmetler.php","meta":{"_acf_changed":false,"footnotes":""},"class_list":["post-1829","page","type-page","status-publish","hentry"],"acf":[],"_links":{"self":[{"href":"https:\/\/trkycares.com\/tr\/wp-json\/wp\/v2\/pages\/1829","targetHints":{"allow":["GET"]}}],"collection":[{"href":"https:\/\/trkycares.com\/tr\/wp-json\/wp\/v2\/pages"}],"about":[{"href":"https:\/\/trkycares.com\/tr\/wp-json\/wp\/v2\/types\/page"}],"author":[{"embeddable":true,"href":"https:\/\/trkycares.com\/tr\/wp-json\/wp\/v2\/users\/3"}],"replies":[{"embeddable":true,"href":"https:\/\/trkycares.com\/tr\/wp-json\/wp\/v2\/comments?post=1829"}],"version-history":[{"count":0,"href":"https:\/\/trkycares.com\/tr\/wp-json\/wp\/v2\/pages\/1829\/revisions"}],"wp:attachment":[{"href":"https:\/\/trkycares.com\/tr\/wp-json\/wp\/v2\/media?parent=1829"}],"curies":[{"name":"wp","href":"https:\/\/api.w.org\/{rel}","templated":true}]}}