{"id":1818,"date":"2024-07-18T15:32:33","date_gmt":"2024-07-18T12:32:33","guid":{"rendered":"https:\/\/turkey-cares.local\/liposuction\/"},"modified":"2026-04-13T16:07:35","modified_gmt":"2026-04-13T13:07:35","slug":"liposuction","status":"publish","type":"page","link":"https:\/\/trkycares.com\/tr\/liposuction\/","title":{"rendered":"Liposuction"},"content":{"rendered":"<p>Herkes, ya\u015f\u0131na bak\u0131lmaks\u0131z\u0131n fazla kilolarla kar\u015f\u0131la\u015fabilir. K\u00f6t\u00fc beslenme al\u0131\u015fkanl\u0131klar\u0131 ve hareketsiz ya\u015fam tarz\u0131 kilo art\u0131\u015f\u0131na neden olabilir. Ayr\u0131ca, v\u00fccutta birikmi\u015f lokalize ya\u011flar da \u00f6nemli bir sorun olabilir.<\/p>\n<p>Liposuction, lokalize ya\u011f birikimlerini hedef alarak azaltmak i\u00e7in \u00f6zel olarak tasarlanm\u0131\u015f cerrahi bir prosed\u00fcrd\u00fcr. Kal\u0131c\u0131 veya kesin bir \u00e7\u00f6z\u00fcm olmayabilir, ancak hedeflenmi\u015f ya\u011f b\u00f6lgelerinde olduk\u00e7a etkili oldu\u011fu bilinir.<\/p>\n","protected":false},"excerpt":{"rendered":"<p>Herkes, ya\u015f\u0131na bak\u0131lmaks\u0131z\u0131n fazla kilolarla kar\u015f\u0131la\u015fabilir. K\u00f6t\u00fc beslenme al\u0131\u015fkanl\u0131klar\u0131 ve hareketsiz ya\u015fam tarz\u0131 kilo art\u0131\u015f\u0131na neden olabilir. Ayr\u0131ca, v\u00fccutta birikmi\u015f lokalize ya\u011flar da \u00f6nemli bir&#8230;<\/p>\n","protected":false},"author":3,"featured_media":0,"parent":0,"menu_order":0,"comment_status":"closed","ping_status":"closed","template":"page-hizmet-detay.php","meta":{"_acf_changed":false,"footnotes":""},"class_list":["post-1818","page","type-page","status-publish","hentry"],"acf":[],"_links":{"self":[{"href":"https:\/\/trkycares.com\/tr\/wp-json\/wp\/v2\/pages\/1818","targetHints":{"allow":["GET"]}}],"collection":[{"href":"https:\/\/trkycares.com\/tr\/wp-json\/wp\/v2\/pages"}],"about":[{"href":"https:\/\/trkycares.com\/tr\/wp-json\/wp\/v2\/types\/page"}],"author":[{"embeddable":true,"href":"https:\/\/trkycares.com\/tr\/wp-json\/wp\/v2\/users\/3"}],"replies":[{"embeddable":true,"href":"https:\/\/trkycares.com\/tr\/wp-json\/wp\/v2\/comments?post=1818"}],"version-history":[{"count":0,"href":"https:\/\/trkycares.com\/tr\/wp-json\/wp\/v2\/pages\/1818\/revisions"}],"wp:attachment":[{"href":"https:\/\/trkycares.com\/tr\/wp-json\/wp\/v2\/media?parent=1818"}],"curies":[{"name":"wp","href":"https:\/\/api.w.org\/{rel}","templated":true}]}}