{"id":1812,"date":"2024-07-18T15:08:41","date_gmt":"2024-07-18T12:08:41","guid":{"rendered":"https:\/\/turkey-cares.local\/breast-lift\/"},"modified":"2026-04-13T16:08:31","modified_gmt":"2026-04-13T13:08:31","slug":"meme-diklestirme","status":"publish","type":"page","link":"https:\/\/trkycares.com\/tr\/meme-diklestirme\/","title":{"rendered":"Meme Dikle\u015ftirme"},"content":{"rendered":"<p>Bir\u00e7ok kad\u0131n i\u00e7in g\u00f6r\u00fcn\u00fcm, genel iyilik halleri \u00fczerinde \u00f6nemli bir rol oynar. Bir\u00e7ok kad\u0131n g\u00f6\u011f\u00fcslerinin \u015feklinden memnuniyetsizlik duyar. Teknoloji ve t\u0131ptaki ilerlemeler sayesinde, bu sorunu \u00e7\u00f6zmek i\u00e7in \u00e7e\u015fitli se\u00e7enekler mevcut. T\u00fcrkiye&#8217;de, meme dikle\u015ftirme cerrahisi, kad\u0131nlara istedikleri g\u00f6\u011f\u00fcs \u015feklini elde etme f\u0131rsat\u0131 sunan olduk\u00e7a talep g\u00f6ren bir prosed\u00fcrd\u00fcr.<\/p>\n<p>Turkey Cares olarak, her bireyin benzersiz ihtiya\u00e7lar\u0131na uygun y\u00fcksek kaliteli meme dikle\u015ftirme i\u015flemleri sunarak, hastalar\u0131m\u0131za en iyi sonu\u00e7lar\u0131 sa\u011flamay\u0131 garanti ediyoruz.<\/p>\n","protected":false},"excerpt":{"rendered":"<p>Bir\u00e7ok kad\u0131n i\u00e7in g\u00f6r\u00fcn\u00fcm, genel iyilik halleri \u00fczerinde \u00f6nemli bir rol oynar. Bir\u00e7ok kad\u0131n g\u00f6\u011f\u00fcslerinin \u015feklinden memnuniyetsizlik duyar. Teknoloji ve t\u0131ptaki ilerlemeler sayesinde, bu sorunu&#8230;<\/p>\n","protected":false},"author":3,"featured_media":0,"parent":0,"menu_order":0,"comment_status":"closed","ping_status":"closed","template":"page-hizmet-detay.php","meta":{"_acf_changed":false,"footnotes":""},"class_list":["post-1812","page","type-page","status-publish","hentry"],"acf":[],"_links":{"self":[{"href":"https:\/\/trkycares.com\/tr\/wp-json\/wp\/v2\/pages\/1812","targetHints":{"allow":["GET"]}}],"collection":[{"href":"https:\/\/trkycares.com\/tr\/wp-json\/wp\/v2\/pages"}],"about":[{"href":"https:\/\/trkycares.com\/tr\/wp-json\/wp\/v2\/types\/page"}],"author":[{"embeddable":true,"href":"https:\/\/trkycares.com\/tr\/wp-json\/wp\/v2\/users\/3"}],"replies":[{"embeddable":true,"href":"https:\/\/trkycares.com\/tr\/wp-json\/wp\/v2\/comments?post=1812"}],"version-history":[{"count":0,"href":"https:\/\/trkycares.com\/tr\/wp-json\/wp\/v2\/pages\/1812\/revisions"}],"wp:attachment":[{"href":"https:\/\/trkycares.com\/tr\/wp-json\/wp\/v2\/media?parent=1812"}],"curies":[{"name":"wp","href":"https:\/\/api.w.org\/{rel}","templated":true}]}}