{"id":1808,"date":"2024-07-18T14:34:37","date_gmt":"2024-07-18T11:34:37","guid":{"rendered":"https:\/\/turkey-cares.local\/rhinoplasty\/"},"modified":"2026-02-25T16:04:11","modified_gmt":"2026-02-25T13:04:11","slug":"rinoplasti","status":"publish","type":"page","link":"https:\/\/trkycares.com\/tr\/rinoplasti\/","title":{"rendered":"Rinoplasti"},"content":{"rendered":"<p>Burun, insan y\u00fcz\u00fcn\u00fcn en belirgin \u00f6zelliklerinden biridir. Bir\u00e7ok ki\u015fi burnunun g\u00f6r\u00fcn\u00fcm\u00fcnden memnun de\u011fildir. Ancak, teknoloji ve t\u0131ptaki ilerlemeler sayesinde, istenmeyen bir burun \u015fekli art\u0131k bir kader de\u011fildir. Ba\u015fka bir deyi\u015fle, rinoplasti, bireylerin istedikleri burun g\u00f6r\u00fcn\u00fcm\u00fcne kavu\u015fmalar\u0131n\u0131 sa\u011flar.<\/p>\n<p>Rinoplasti genellikle estetik nedenlerle yap\u0131l\u0131r. Ayn\u0131 zamanda do\u011fu\u015ftan gelen kusurlar\u0131 d\u00fczeltmek ve yaralanmalar sonucu olu\u015fan deformiteleri onarmak i\u00e7in de uygulanabilir. Ayr\u0131ca, solunum zorluklar\u0131n\u0131 ortadan kald\u0131rarak nefes almay\u0131 iyile\u015ftirmek amac\u0131yla da yap\u0131l\u0131r. Burnunun g\u00f6r\u00fcn\u00fcm\u00fcnden memnun olmayan ki\u015filer, &#8220;Rinoplasti nedir?&#8221; sorusunu s\u0131k\u00e7a sorarlar.<\/p>\n","protected":false},"excerpt":{"rendered":"<p>Burun, insan y\u00fcz\u00fcn\u00fcn en belirgin \u00f6zelliklerinden biridir. Bir\u00e7ok ki\u015fi burnunun g\u00f6r\u00fcn\u00fcm\u00fcnden memnun de\u011fildir. Ancak, teknoloji ve t\u0131ptaki ilerlemeler sayesinde, istenmeyen bir burun \u015fekli art\u0131k bir&#8230;<\/p>\n","protected":false},"author":3,"featured_media":0,"parent":0,"menu_order":0,"comment_status":"closed","ping_status":"closed","template":"page-hizmet-detay.php","meta":{"_acf_changed":false,"footnotes":""},"class_list":["post-1808","page","type-page","status-publish","hentry"],"acf":[],"_links":{"self":[{"href":"https:\/\/trkycares.com\/tr\/wp-json\/wp\/v2\/pages\/1808","targetHints":{"allow":["GET"]}}],"collection":[{"href":"https:\/\/trkycares.com\/tr\/wp-json\/wp\/v2\/pages"}],"about":[{"href":"https:\/\/trkycares.com\/tr\/wp-json\/wp\/v2\/types\/page"}],"author":[{"embeddable":true,"href":"https:\/\/trkycares.com\/tr\/wp-json\/wp\/v2\/users\/3"}],"replies":[{"embeddable":true,"href":"https:\/\/trkycares.com\/tr\/wp-json\/wp\/v2\/comments?post=1808"}],"version-history":[{"count":0,"href":"https:\/\/trkycares.com\/tr\/wp-json\/wp\/v2\/pages\/1808\/revisions"}],"wp:attachment":[{"href":"https:\/\/trkycares.com\/tr\/wp-json\/wp\/v2\/media?parent=1808"}],"curies":[{"name":"wp","href":"https:\/\/api.w.org\/{rel}","templated":true}]}}