{"id":1803,"date":"2024-07-18T14:35:39","date_gmt":"2024-07-18T11:35:39","guid":{"rendered":"https:\/\/turkey-cares.local\/hair-operations\/"},"modified":"2026-02-19T13:59:45","modified_gmt":"2026-02-19T10:59:45","slug":"sac-operasyonlari","status":"publish","type":"page","link":"https:\/\/trkycares.com\/tr\/sac-operasyonlari\/","title":{"rendered":"SA\u00c7 OPERASYONLARI"},"content":{"rendered":"<h4>Hayat kalitenizi koruyun<\/h4>\n<h2>SA\u00c7 OPERASYONLARI<\/h2>\n<p>Turkey Cares, T\u00fcrkiye&#8217;nin en iyi hastanelerinde sa\u00e7, sakal, ka\u015f ve b\u0131y\u0131k nakli hizmetleri sunar. En son t\u0131bbi ara\u00e7 ve ekipmanlarla, uzman hekimlerin rehberli\u011finde do\u011fal ve kal\u0131c\u0131 sonu\u00e7lar sa\u011flar. Online \u00f6n dan\u0131\u015fma randevusu almak ve durumunuzla ilgili net ve ayr\u0131nt\u0131l\u0131 bir plan almak isterseniz, Turkey Cares <a href=\"https:\/\/trkycares.com\/tr\/iletisim\/\">\u0130leti\u015fim<\/a> sayfas\u0131ndan bize ula\u015fabilirsiniz.<\/p>\n","protected":false},"excerpt":{"rendered":"<p>Hayat kalitenizi koruyun SA\u00c7 OPERASYONLARI Turkey Cares, T\u00fcrkiye&#8217;nin en iyi hastanelerinde sa\u00e7, sakal, ka\u015f ve b\u0131y\u0131k nakli hizmetleri sunar. En son t\u0131bbi ara\u00e7 ve ekipmanlarla,&#8230;<\/p>\n","protected":false},"author":3,"featured_media":0,"parent":0,"menu_order":0,"comment_status":"closed","ping_status":"closed","template":"page-hizmetler.php","meta":{"_acf_changed":false,"footnotes":""},"class_list":["post-1803","page","type-page","status-publish","hentry"],"acf":[],"_links":{"self":[{"href":"https:\/\/trkycares.com\/tr\/wp-json\/wp\/v2\/pages\/1803","targetHints":{"allow":["GET"]}}],"collection":[{"href":"https:\/\/trkycares.com\/tr\/wp-json\/wp\/v2\/pages"}],"about":[{"href":"https:\/\/trkycares.com\/tr\/wp-json\/wp\/v2\/types\/page"}],"author":[{"embeddable":true,"href":"https:\/\/trkycares.com\/tr\/wp-json\/wp\/v2\/users\/3"}],"replies":[{"embeddable":true,"href":"https:\/\/trkycares.com\/tr\/wp-json\/wp\/v2\/comments?post=1803"}],"version-history":[{"count":0,"href":"https:\/\/trkycares.com\/tr\/wp-json\/wp\/v2\/pages\/1803\/revisions"}],"wp:attachment":[{"href":"https:\/\/trkycares.com\/tr\/wp-json\/wp\/v2\/media?parent=1803"}],"curies":[{"name":"wp","href":"https:\/\/api.w.org\/{rel}","templated":true}]}}