{"id":1794,"date":"2024-07-18T15:23:38","date_gmt":"2024-07-18T12:23:38","guid":{"rendered":"https:\/\/turkey-cares.local\/eyebrow-transplantation\/"},"modified":"2026-02-25T16:00:09","modified_gmt":"2026-02-25T13:00:09","slug":"kas-ekimi","status":"publish","type":"page","link":"https:\/\/trkycares.com\/tr\/kas-ekimi\/","title":{"rendered":"Ka\u015f Ekimi"},"content":{"rendered":"<p>\u0130nsanlar kusursuz bir g\u00f6r\u00fcn\u00fcm arzu eder ve ka\u015flar, g\u00f6zler, burun, dudaklar ve elmac\u0131k kemikleri ile birlikte y\u00fcz\u00fcn \u00f6nemli bir \u00f6zelli\u011fidir. Y\u00fcz esteti\u011finde alt\u0131n oran\u0131 elde etmek, d\u00fczg\u00fcn bak\u0131lm\u0131\u015f ka\u015flarla m\u00fcmk\u00fcnd\u00fcr. Sa\u00e7 ve sakal ekimleri olduk\u00e7a pop\u00fclerken, ka\u015f ekimi de son zamanlarda b\u00fcy\u00fck ilgi g\u00f6rm\u00fc\u015ft\u00fcr. Bir\u00e7ok ki\u015fi ka\u015f ekiminin ne oldu\u011funu merak etmektedir.<\/p>\n","protected":false},"excerpt":{"rendered":"<p>\u0130nsanlar kusursuz bir g\u00f6r\u00fcn\u00fcm arzu eder ve ka\u015flar, g\u00f6zler, burun, dudaklar ve elmac\u0131k kemikleri ile birlikte y\u00fcz\u00fcn \u00f6nemli bir \u00f6zelli\u011fidir. Y\u00fcz esteti\u011finde alt\u0131n oran\u0131 elde&#8230;<\/p>\n","protected":false},"author":3,"featured_media":0,"parent":0,"menu_order":0,"comment_status":"closed","ping_status":"closed","template":"page-hizmet-detay.php","meta":{"_acf_changed":false,"footnotes":""},"class_list":["post-1794","page","type-page","status-publish","hentry"],"acf":[],"_links":{"self":[{"href":"https:\/\/trkycares.com\/tr\/wp-json\/wp\/v2\/pages\/1794","targetHints":{"allow":["GET"]}}],"collection":[{"href":"https:\/\/trkycares.com\/tr\/wp-json\/wp\/v2\/pages"}],"about":[{"href":"https:\/\/trkycares.com\/tr\/wp-json\/wp\/v2\/types\/page"}],"author":[{"embeddable":true,"href":"https:\/\/trkycares.com\/tr\/wp-json\/wp\/v2\/users\/3"}],"replies":[{"embeddable":true,"href":"https:\/\/trkycares.com\/tr\/wp-json\/wp\/v2\/comments?post=1794"}],"version-history":[{"count":0,"href":"https:\/\/trkycares.com\/tr\/wp-json\/wp\/v2\/pages\/1794\/revisions"}],"wp:attachment":[{"href":"https:\/\/trkycares.com\/tr\/wp-json\/wp\/v2\/media?parent=1794"}],"curies":[{"name":"wp","href":"https:\/\/api.w.org\/{rel}","templated":true}]}}