{"id":1791,"date":"2024-07-18T16:23:17","date_gmt":"2024-07-18T13:23:17","guid":{"rendered":"https:\/\/turkey-cares.local\/beard-transplantation\/"},"modified":"2026-02-25T16:00:33","modified_gmt":"2026-02-25T13:00:33","slug":"sakal-ekimi","status":"publish","type":"page","link":"https:\/\/trkycares.com\/tr\/sakal-ekimi\/","title":{"rendered":"Sakal Ekimi"},"content":{"rendered":"<p>Sa\u00e7 ekimi kadar pop\u00fcler olan sakal ekimi, seyrek sakal b\u00fcy\u00fcmesi veya bo\u015fluklar ya\u015fayan bireyler i\u00e7in \u00e7\u00f6z\u00fcmler sunar. T\u00fcrkiye&#8217;de sakal ekimi i\u00e7in profesyonel ve y\u00fcksek kaliteli bir merkez ar\u0131yorsan\u0131z, Turkey Cares ile ileti\u015fime ge\u00e7menizi \u015fiddetle tavsiye ederiz.<\/p>\n","protected":false},"excerpt":{"rendered":"<p>Sa\u00e7 ekimi kadar pop\u00fcler olan sakal ekimi, seyrek sakal b\u00fcy\u00fcmesi veya bo\u015fluklar ya\u015fayan bireyler i\u00e7in \u00e7\u00f6z\u00fcmler sunar. T\u00fcrkiye&#8217;de sakal ekimi i\u00e7in profesyonel ve y\u00fcksek kaliteli&#8230;<\/p>\n","protected":false},"author":3,"featured_media":0,"parent":0,"menu_order":0,"comment_status":"closed","ping_status":"closed","template":"page-hizmet-detay.php","meta":{"_acf_changed":false,"footnotes":""},"class_list":["post-1791","page","type-page","status-publish","hentry"],"acf":[],"_links":{"self":[{"href":"https:\/\/trkycares.com\/tr\/wp-json\/wp\/v2\/pages\/1791","targetHints":{"allow":["GET"]}}],"collection":[{"href":"https:\/\/trkycares.com\/tr\/wp-json\/wp\/v2\/pages"}],"about":[{"href":"https:\/\/trkycares.com\/tr\/wp-json\/wp\/v2\/types\/page"}],"author":[{"embeddable":true,"href":"https:\/\/trkycares.com\/tr\/wp-json\/wp\/v2\/users\/3"}],"replies":[{"embeddable":true,"href":"https:\/\/trkycares.com\/tr\/wp-json\/wp\/v2\/comments?post=1791"}],"version-history":[{"count":0,"href":"https:\/\/trkycares.com\/tr\/wp-json\/wp\/v2\/pages\/1791\/revisions"}],"wp:attachment":[{"href":"https:\/\/trkycares.com\/tr\/wp-json\/wp\/v2\/media?parent=1791"}],"curies":[{"name":"wp","href":"https:\/\/api.w.org\/{rel}","templated":true}]}}