{"id":1785,"date":"2024-07-18T17:30:19","date_gmt":"2024-07-18T14:30:19","guid":{"rendered":"https:\/\/turkey-cares.local\/hair-transplantation\/"},"modified":"2026-02-25T15:59:27","modified_gmt":"2026-02-25T12:59:27","slug":"sac-ekimi","status":"publish","type":"page","link":"https:\/\/trkycares.com\/tr\/sac-ekimi\/","title":{"rendered":"Sa\u00e7 Ekimi"},"content":{"rendered":"<p>Sa\u00e7 ekimi ile do\u011fal, \u0131\u015f\u0131lt\u0131l\u0131 ve \u00e7ok daha sa\u011fl\u0131kl\u0131 sa\u00e7lara sahip olabilirsiniz. Seyrelme ve kellik sorunlar\u0131n\u0131 etkili bir \u015fekilde \u00e7\u00f6zen sa\u00e7 ekimi, giderek daha pop\u00fcler hale geliyor. T\u00fcrkiye, sa\u00e7 ekimi konusunda d\u00fcnyadaki \u00f6nde gelen \u00fclkelerden biridir. \u00c7e\u015fitli \u00fclkelerden insanlar bu hizmet i\u00e7in T\u00fcrkiye&#8217;ye gelmektedir. \u0130stanbul&#8217;un Beylikd\u00fcz\u00fc il\u00e7esinde bulunan Turkey Cares, T\u00fcrkiye&#8217;deki en iyi sa\u00e7 ekimi merkezlerinden biridir.<\/p>\n","protected":false},"excerpt":{"rendered":"<p>Sa\u00e7 ekimi ile do\u011fal, \u0131\u015f\u0131lt\u0131l\u0131 ve \u00e7ok daha sa\u011fl\u0131kl\u0131 sa\u00e7lara sahip olabilirsiniz. Seyrelme ve kellik sorunlar\u0131n\u0131 etkili bir \u015fekilde \u00e7\u00f6zen sa\u00e7 ekimi, giderek daha pop\u00fcler&#8230;<\/p>\n","protected":false},"author":3,"featured_media":0,"parent":0,"menu_order":0,"comment_status":"closed","ping_status":"closed","template":"page-hizmet-detay.php","meta":{"_acf_changed":false,"footnotes":""},"class_list":["post-1785","page","type-page","status-publish","hentry"],"acf":[],"_links":{"self":[{"href":"https:\/\/trkycares.com\/tr\/wp-json\/wp\/v2\/pages\/1785","targetHints":{"allow":["GET"]}}],"collection":[{"href":"https:\/\/trkycares.com\/tr\/wp-json\/wp\/v2\/pages"}],"about":[{"href":"https:\/\/trkycares.com\/tr\/wp-json\/wp\/v2\/types\/page"}],"author":[{"embeddable":true,"href":"https:\/\/trkycares.com\/tr\/wp-json\/wp\/v2\/users\/3"}],"replies":[{"embeddable":true,"href":"https:\/\/trkycares.com\/tr\/wp-json\/wp\/v2\/comments?post=1785"}],"version-history":[{"count":0,"href":"https:\/\/trkycares.com\/tr\/wp-json\/wp\/v2\/pages\/1785\/revisions"}],"wp:attachment":[{"href":"https:\/\/trkycares.com\/tr\/wp-json\/wp\/v2\/media?parent=1785"}],"curies":[{"name":"wp","href":"https:\/\/api.w.org\/{rel}","templated":true}]}}