{"id":1777,"date":"2024-07-18T14:36:10","date_gmt":"2024-07-18T11:36:10","guid":{"rendered":"https:\/\/turkey-cares.local\/other-services\/"},"modified":"2026-02-25T14:22:40","modified_gmt":"2026-02-25T11:22:40","slug":"diger-hizmetler","status":"publish","type":"page","link":"https:\/\/trkycares.com\/tr\/diger-hizmetler\/","title":{"rendered":"D\u0130\u011eER H\u0130ZMETLER"},"content":{"rendered":"<h4>Hayat Kalitenizi Koruyun<\/h4>\n<h2>D\u0130\u011eER H\u0130ZMETLER<\/h2>\n<p>Turkey Cares, sa\u00e7 ekimi ve \u00e7e\u015fitli estetik cerrahilerin yan\u0131 s\u0131ra g\u00f6z ve mide k\u00fc\u00e7\u00fcltme ameliyatlar\u0131na da \u00f6zel dikkat ve \u00f6zen g\u00f6sterir. Hastalar\u0131m\u0131z\u0131n g\u00fcveni, gelece\u011fimizi \u015fekillendiren temel ta\u015f\u0131m\u0131zd\u0131r. Online \u00f6n dan\u0131\u015fma randevusu almak ve durumunuzla ilgili net ve ayr\u0131nt\u0131l\u0131 bir plan almak isterseniz, Turkey Cares <a href=\"https:\/\/trkycares.com\/tr\/iletisim\/\">\u0130leti\u015fim<\/a> sayfas\u0131ndan bize ula\u015fabilirsiniz.<\/p>\n","protected":false},"excerpt":{"rendered":"<p>Hayat Kalitenizi Koruyun D\u0130\u011eER H\u0130ZMETLER Turkey Cares, sa\u00e7 ekimi ve \u00e7e\u015fitli estetik cerrahilerin yan\u0131 s\u0131ra g\u00f6z ve mide k\u00fc\u00e7\u00fcltme ameliyatlar\u0131na da \u00f6zel dikkat ve \u00f6zen&#8230;<\/p>\n","protected":false},"author":3,"featured_media":0,"parent":0,"menu_order":0,"comment_status":"closed","ping_status":"closed","template":"page-hizmetler.php","meta":{"_acf_changed":false,"footnotes":""},"class_list":["post-1777","page","type-page","status-publish","hentry"],"acf":[],"_links":{"self":[{"href":"https:\/\/trkycares.com\/tr\/wp-json\/wp\/v2\/pages\/1777","targetHints":{"allow":["GET"]}}],"collection":[{"href":"https:\/\/trkycares.com\/tr\/wp-json\/wp\/v2\/pages"}],"about":[{"href":"https:\/\/trkycares.com\/tr\/wp-json\/wp\/v2\/types\/page"}],"author":[{"embeddable":true,"href":"https:\/\/trkycares.com\/tr\/wp-json\/wp\/v2\/users\/3"}],"replies":[{"embeddable":true,"href":"https:\/\/trkycares.com\/tr\/wp-json\/wp\/v2\/comments?post=1777"}],"version-history":[{"count":0,"href":"https:\/\/trkycares.com\/tr\/wp-json\/wp\/v2\/pages\/1777\/revisions"}],"wp:attachment":[{"href":"https:\/\/trkycares.com\/tr\/wp-json\/wp\/v2\/media?parent=1777"}],"curies":[{"name":"wp","href":"https:\/\/api.w.org\/{rel}","templated":true}]}}