{"id":1774,"date":"2024-07-10T11:32:38","date_gmt":"2024-07-10T08:32:38","guid":{"rendered":"https:\/\/turkey-cares.local\/dental-clinic\/"},"modified":"2026-02-25T14:33:50","modified_gmt":"2026-02-25T11:33:50","slug":"dis-klinigi","status":"publish","type":"page","link":"https:\/\/trkycares.com\/tr\/dis-klinigi\/","title":{"rendered":"D\u0130\u015e KL\u0130N\u0130\u011e\u0130"},"content":{"rendered":"<h4>Hayat Kalitenizi Koruyun<\/h4>\n<h2>KL\u0130N\u0130K H\u0130ZMETLER<\/h2>\n<p>Turkey Cares, di\u015f hekimli\u011fi alan\u0131nda size se\u00e7kin hizmetlerini sunuyor; son teknoloji ekipmanlarla donat\u0131lm\u0131\u015f hastaneler ve uzman sa\u011fl\u0131k personeli ile. T\u00fcm di\u015f problemlerinizden kurtulabilir ve her zaman hayalini kurdu\u011funuz Hollywood g\u00fcl\u00fc\u015f\u00fcne sahip olabilirsiniz. Online \u00f6n dan\u0131\u015fma randevusu almak ve durumunuzla ilgili net ve ayr\u0131nt\u0131l\u0131 bir plan almak isterseniz, Turkey Cares <a href=\"https:\/\/trkycares.com\/tr\/iletisim\/\">\u0130leti\u015fim<\/a> sayfas\u0131ndan bize ula\u015fabilirsiniz.<\/p>\n","protected":false},"excerpt":{"rendered":"<p>Hayat Kalitenizi Koruyun KL\u0130N\u0130K H\u0130ZMETLER Turkey Cares, di\u015f hekimli\u011fi alan\u0131nda size se\u00e7kin hizmetlerini sunuyor; son teknoloji ekipmanlarla donat\u0131lm\u0131\u015f hastaneler ve uzman sa\u011fl\u0131k personeli ile. T\u00fcm&#8230;<\/p>\n","protected":false},"author":3,"featured_media":0,"parent":0,"menu_order":0,"comment_status":"closed","ping_status":"closed","template":"page-hizmetler.php","meta":{"_acf_changed":false,"footnotes":""},"class_list":["post-1774","page","type-page","status-publish","hentry"],"acf":[],"_links":{"self":[{"href":"https:\/\/trkycares.com\/tr\/wp-json\/wp\/v2\/pages\/1774","targetHints":{"allow":["GET"]}}],"collection":[{"href":"https:\/\/trkycares.com\/tr\/wp-json\/wp\/v2\/pages"}],"about":[{"href":"https:\/\/trkycares.com\/tr\/wp-json\/wp\/v2\/types\/page"}],"author":[{"embeddable":true,"href":"https:\/\/trkycares.com\/tr\/wp-json\/wp\/v2\/users\/3"}],"replies":[{"embeddable":true,"href":"https:\/\/trkycares.com\/tr\/wp-json\/wp\/v2\/comments?post=1774"}],"version-history":[{"count":0,"href":"https:\/\/trkycares.com\/tr\/wp-json\/wp\/v2\/pages\/1774\/revisions"}],"wp:attachment":[{"href":"https:\/\/trkycares.com\/tr\/wp-json\/wp\/v2\/media?parent=1774"}],"curies":[{"name":"wp","href":"https:\/\/api.w.org\/{rel}","templated":true}]}}