{"id":1767,"date":"2024-07-16T09:49:37","date_gmt":"2024-07-16T06:49:37","guid":{"rendered":"https:\/\/turkey-cares.local\/dental-treatment\/"},"modified":"2026-02-25T15:22:42","modified_gmt":"2026-02-25T12:22:42","slug":"dental-treatment","status":"publish","type":"page","link":"https:\/\/trkycares.com\/tr\/dental-treatment\/","title":{"rendered":"Di\u015f Tedavisi"},"content":{"rendered":"<p>Bir g\u00fcl\u00fcmseme sadece bir jest de\u011fil; ayn\u0131 zamanda \u00f6zg\u00fcven ve g\u00fczelli\u011fin bir yans\u0131mas\u0131d\u0131r. Ancak d\u00fczensiz di\u015fler, bu g\u00fcl\u00fcmsemenin \u00e7ekicili\u011fini bozabilir. \u0130\u015fte burada devreye di\u015f telleri girer; modern di\u015f hekimli\u011finin temel ta\u015flar\u0131ndan biri olan di\u015f telleri, g\u00fcl\u00fcmsemenizi m\u00fckemmel bir \u015fekilde hizalar ve a\u011f\u0131z sa\u011fl\u0131\u011f\u0131n\u0131z\u0131 g\u00fc\u00e7lendirir.<\/p>\n<p>Di\u015f telleri, di\u015flerdeki ve \u00e7enedeki d\u00fczensizlikleri d\u00fczelten ortodontik cihazlard\u0131r. Bu ara\u00e7lar, di\u015flerin ve \u00e7enenin konumunu ayarlayarak bir ki\u015finin y\u00fcz hatlar\u0131n\u0131 ve genel a\u011f\u0131z sa\u011fl\u0131\u011f\u0131n\u0131 \u00f6nemli \u00f6l\u00e7\u00fcde iyile\u015ftirebilir.<\/p>\n","protected":false},"excerpt":{"rendered":"<p>Bir g\u00fcl\u00fcmseme sadece bir jest de\u011fil; ayn\u0131 zamanda \u00f6zg\u00fcven ve g\u00fczelli\u011fin bir yans\u0131mas\u0131d\u0131r. Ancak d\u00fczensiz di\u015fler, bu g\u00fcl\u00fcmsemenin \u00e7ekicili\u011fini bozabilir. \u0130\u015fte burada devreye di\u015f telleri&#8230;<\/p>\n","protected":false},"author":3,"featured_media":0,"parent":0,"menu_order":0,"comment_status":"closed","ping_status":"closed","template":"page-hizmet-detay.php","meta":{"_acf_changed":false,"footnotes":""},"class_list":["post-1767","page","type-page","status-publish","hentry"],"acf":[],"_links":{"self":[{"href":"https:\/\/trkycares.com\/tr\/wp-json\/wp\/v2\/pages\/1767","targetHints":{"allow":["GET"]}}],"collection":[{"href":"https:\/\/trkycares.com\/tr\/wp-json\/wp\/v2\/pages"}],"about":[{"href":"https:\/\/trkycares.com\/tr\/wp-json\/wp\/v2\/types\/page"}],"author":[{"embeddable":true,"href":"https:\/\/trkycares.com\/tr\/wp-json\/wp\/v2\/users\/3"}],"replies":[{"embeddable":true,"href":"https:\/\/trkycares.com\/tr\/wp-json\/wp\/v2\/comments?post=1767"}],"version-history":[{"count":0,"href":"https:\/\/trkycares.com\/tr\/wp-json\/wp\/v2\/pages\/1767\/revisions"}],"wp:attachment":[{"href":"https:\/\/trkycares.com\/tr\/wp-json\/wp\/v2\/media?parent=1767"}],"curies":[{"name":"wp","href":"https:\/\/api.w.org\/{rel}","templated":true}]}}