{"id":1759,"date":"2024-07-16T10:21:30","date_gmt":"2024-07-16T07:21:30","guid":{"rendered":"https:\/\/turkey-cares.local\/implant\/"},"modified":"2026-02-25T15:23:02","modified_gmt":"2026-02-25T12:23:02","slug":"implant","status":"publish","type":"page","link":"https:\/\/trkycares.com\/tr\/implant\/","title":{"rendered":"IMPLANT"},"content":{"rendered":"<p>\u0130nsanlar \u00e7e\u015fitli di\u015f sorunlar\u0131yla kar\u015f\u0131la\u015fabilir ve eksik di\u015fler hem estetik hem de sa\u011fl\u0131k a\u00e7\u0131s\u0131ndan \u00f6nemli bir endi\u015fe kayna\u011f\u0131d\u0131r. Ancak di\u015f implantlar\u0131 bu soruna etkili bir \u00e7\u00f6z\u00fcm sunar. Bir\u00e7ok ki\u015fi di\u015f implant\u0131n\u0131n ne oldu\u011funu merak eder.<\/p>\n<p>\u0130mplantlar, eksik di\u015flerin yerini almak \u00fczere \u00e7ene kemi\u011fine yerle\u015ftirilen yapay di\u015f k\u00f6kleridir. Bu y\u00f6ntem, do\u011fal di\u015flerin i\u015flevini ve g\u00f6r\u00fcn\u00fcm\u00fcn\u00fc taklit ederek \u00e7i\u011fneme yetene\u011fini geri kazand\u0131r\u0131r ve g\u00fcl\u00fc\u015f\u00fcn\u00fcz\u00fcn esteti\u011fini geli\u015ftirir. Turkey Cares olarak implant tedavisinde en son teknolojiler ve uzman ekibimizle en iyi hizmeti veriyoruz. \u0130mplant tedavisi ile sa\u011fl\u0131kl\u0131 ve g\u00fczel bir g\u00fcl\u00fc\u015fe kavu\u015fmak art\u0131k \u00e7ok daha kolay.<\/p>\n","protected":false},"excerpt":{"rendered":"<p>\u0130nsanlar \u00e7e\u015fitli di\u015f sorunlar\u0131yla kar\u015f\u0131la\u015fabilir ve eksik di\u015fler hem estetik hem de sa\u011fl\u0131k a\u00e7\u0131s\u0131ndan \u00f6nemli bir endi\u015fe kayna\u011f\u0131d\u0131r. Ancak di\u015f implantlar\u0131 bu soruna etkili bir&#8230;<\/p>\n","protected":false},"author":3,"featured_media":0,"parent":0,"menu_order":0,"comment_status":"closed","ping_status":"closed","template":"page-hizmet-detay.php","meta":{"_acf_changed":false,"footnotes":""},"class_list":["post-1759","page","type-page","status-publish","hentry"],"acf":[],"_links":{"self":[{"href":"https:\/\/trkycares.com\/tr\/wp-json\/wp\/v2\/pages\/1759","targetHints":{"allow":["GET"]}}],"collection":[{"href":"https:\/\/trkycares.com\/tr\/wp-json\/wp\/v2\/pages"}],"about":[{"href":"https:\/\/trkycares.com\/tr\/wp-json\/wp\/v2\/types\/page"}],"author":[{"embeddable":true,"href":"https:\/\/trkycares.com\/tr\/wp-json\/wp\/v2\/users\/3"}],"replies":[{"embeddable":true,"href":"https:\/\/trkycares.com\/tr\/wp-json\/wp\/v2\/comments?post=1759"}],"version-history":[{"count":0,"href":"https:\/\/trkycares.com\/tr\/wp-json\/wp\/v2\/pages\/1759\/revisions"}],"wp:attachment":[{"href":"https:\/\/trkycares.com\/tr\/wp-json\/wp\/v2\/media?parent=1759"}],"curies":[{"name":"wp","href":"https:\/\/api.w.org\/{rel}","templated":true}]}}