{"id":1756,"date":"2024-07-09T17:12:07","date_gmt":"2024-07-09T14:12:07","guid":{"rendered":"https:\/\/turkey-cares.local\/dental-aesthetics\/"},"modified":"2026-02-25T16:05:02","modified_gmt":"2026-02-25T13:05:02","slug":"dis-estetigi","status":"publish","type":"page","link":"https:\/\/trkycares.com\/tr\/dis-estetigi\/","title":{"rendered":"Di\u015f Esteti\u011fi"},"content":{"rendered":"<p>\u0130yi bir di\u015f hijyeni genel sa\u011fl\u0131k i\u00e7in \u00e7ok \u00f6nemlidir. Di\u015fler sindirimde \u00f6nemli bir rol oynar ve kendine g\u00fcvenen bir g\u00fcl\u00fcmseme i\u00e7in hayati \u00f6nem ta\u015f\u0131r. Eksik veya \u00e7\u00fcr\u00fck di\u015fler hem a\u011f\u0131z hem de genel sa\u011fl\u0131\u011fa zarar verebilir ve sosyal etkile\u015fimleri etkileyebilir.<br \/>\nDi\u015f esteti\u011fi bu sorunlara \u00e7\u00f6z\u00fcm sunarak arzu etti\u011finiz g\u00fcl\u00fcmsemeye ula\u015fman\u0131za yard\u0131mc\u0131 olur. Turkey Cares, a\u011f\u0131z sa\u011fl\u0131\u011f\u0131n\u0131z\u0131 iyile\u015ftirmek ve \u00f6zg\u00fcveninizi art\u0131rmak i\u00e7in tasarlanm\u0131\u015f bir dizi di\u015f tedavisi sunarak \u00f6zg\u00fcrce g\u00fcl\u00fcmsemenizi ve hayat\u0131n\u0131z\u0131 dolu dolu ya\u015faman\u0131z\u0131 sa\u011flar.<\/p>\n","protected":false},"excerpt":{"rendered":"<p>\u0130yi bir di\u015f hijyeni genel sa\u011fl\u0131k i\u00e7in \u00e7ok \u00f6nemlidir. Di\u015fler sindirimde \u00f6nemli bir rol oynar ve kendine g\u00fcvenen bir g\u00fcl\u00fcmseme i\u00e7in hayati \u00f6nem ta\u015f\u0131r. Eksik&#8230;<\/p>\n","protected":false},"author":3,"featured_media":0,"parent":0,"menu_order":0,"comment_status":"closed","ping_status":"closed","template":"page-hizmet-detay.php","meta":{"_acf_changed":false,"footnotes":""},"class_list":["post-1756","page","type-page","status-publish","hentry"],"acf":[],"_links":{"self":[{"href":"https:\/\/trkycares.com\/tr\/wp-json\/wp\/v2\/pages\/1756","targetHints":{"allow":["GET"]}}],"collection":[{"href":"https:\/\/trkycares.com\/tr\/wp-json\/wp\/v2\/pages"}],"about":[{"href":"https:\/\/trkycares.com\/tr\/wp-json\/wp\/v2\/types\/page"}],"author":[{"embeddable":true,"href":"https:\/\/trkycares.com\/tr\/wp-json\/wp\/v2\/users\/3"}],"replies":[{"embeddable":true,"href":"https:\/\/trkycares.com\/tr\/wp-json\/wp\/v2\/comments?post=1756"}],"version-history":[{"count":0,"href":"https:\/\/trkycares.com\/tr\/wp-json\/wp\/v2\/pages\/1756\/revisions"}],"wp:attachment":[{"href":"https:\/\/trkycares.com\/tr\/wp-json\/wp\/v2\/media?parent=1756"}],"curies":[{"name":"wp","href":"https:\/\/api.w.org\/{rel}","templated":true}]}}