{"id":1749,"date":"2024-07-12T14:39:55","date_gmt":"2024-07-12T11:39:55","guid":{"rendered":"https:\/\/turkey-cares.local\/about-us\/"},"modified":"2026-02-25T13:57:45","modified_gmt":"2026-02-25T10:57:45","slug":"hakkimizda","status":"publish","type":"page","link":"https:\/\/trkycares.com\/tr\/hakkimizda\/","title":{"rendered":"Hakk\u0131m\u0131zda"},"content":{"rendered":"<h4>Mutlulu\u011funuza De\u011fer Veriyoruz<\/h4>\n<h2>Biz Kimiz?<\/h2>\n<p>Turkey Cares, mutlulu\u011funuzun temelinde yatan sa\u011fl\u0131k ve estetik ihtiya\u00e7lar\u0131n\u0131za de\u011fer veren bir ailedir. T\u00fcrkiye&#8217;nin \u00f6nde gelen sa\u011fl\u0131k kurulu\u015flar\u0131ndan biri olarak mutlulu\u011funuz i\u00e7in buraday\u0131z.<\/p>\n<p>Turkey Cares, di\u015f sa\u011fl\u0131\u011f\u0131 ve esteti\u011fi konusunda uzmanla\u015fm\u0131\u015ft\u0131r. Ancak sadece di\u015flerinize odaklanm\u0131yor, sa\u00e7 ekimi, plastik cerrahi, g\u00f6z ve mide sa\u011fl\u0131\u011f\u0131 gibi alanlarda da hizmet sunuyoruz. Sa\u011fl\u0131\u011f\u0131n\u0131z ve mutlulu\u011funuz bizim \u00f6nceli\u011fimizdir.<\/p>\n","protected":false},"excerpt":{"rendered":"<p>Mutlulu\u011funuza De\u011fer Veriyoruz Biz Kimiz? Turkey Cares, mutlulu\u011funuzun temelinde yatan sa\u011fl\u0131k ve estetik ihtiya\u00e7lar\u0131n\u0131za de\u011fer veren bir ailedir. T\u00fcrkiye&#8217;nin \u00f6nde gelen sa\u011fl\u0131k kurulu\u015flar\u0131ndan biri olarak&#8230;<\/p>\n","protected":false},"author":3,"featured_media":0,"parent":0,"menu_order":0,"comment_status":"closed","ping_status":"closed","template":"page-hakkinda.php","meta":{"_acf_changed":false,"footnotes":""},"class_list":["post-1749","page","type-page","status-publish","hentry"],"acf":[],"_links":{"self":[{"href":"https:\/\/trkycares.com\/tr\/wp-json\/wp\/v2\/pages\/1749","targetHints":{"allow":["GET"]}}],"collection":[{"href":"https:\/\/trkycares.com\/tr\/wp-json\/wp\/v2\/pages"}],"about":[{"href":"https:\/\/trkycares.com\/tr\/wp-json\/wp\/v2\/types\/page"}],"author":[{"embeddable":true,"href":"https:\/\/trkycares.com\/tr\/wp-json\/wp\/v2\/users\/3"}],"replies":[{"embeddable":true,"href":"https:\/\/trkycares.com\/tr\/wp-json\/wp\/v2\/comments?post=1749"}],"version-history":[{"count":0,"href":"https:\/\/trkycares.com\/tr\/wp-json\/wp\/v2\/pages\/1749\/revisions"}],"wp:attachment":[{"href":"https:\/\/trkycares.com\/tr\/wp-json\/wp\/v2\/media?parent=1749"}],"curies":[{"name":"wp","href":"https:\/\/api.w.org\/{rel}","templated":true}]}}