{"id":1977,"date":"2024-07-18T14:34:37","date_gmt":"2024-07-18T11:34:37","guid":{"rendered":"https:\/\/turkey-cares.local\/rhinoplasty\/"},"modified":"2026-02-25T16:04:38","modified_gmt":"2026-02-25T13:04:38","slug":"rhinoplastie","status":"publish","type":"page","link":"https:\/\/trkycares.com\/fr\/rhinoplastie\/","title":{"rendered":"Rhinoplastie"},"content":{"rendered":"<p>Le nez est l&rsquo;une des caract\u00e9ristiques les plus pro\u00e9minentes du visage humain. Beaucoup de gens sont insatisfaits de l&rsquo;apparence de leur nez. Cependant, avec les avanc\u00e9es technologiques et m\u00e9dicales, une forme de nez ind\u00e9sirable n&rsquo;est plus une fatalit\u00e9. En d&rsquo;autres termes, la rhinoplastie permet aux individus d&rsquo;obtenir l&rsquo;apparence de nez souhait\u00e9e.<\/p>\n<p>La rhinoplastie est principalement r\u00e9alis\u00e9e pour des raisons esth\u00e9tiques. Elle peut \u00e9galement corriger les malformations cong\u00e9nitales et r\u00e9parer les d\u00e9formations caus\u00e9es par des blessures. De plus, elle est effectu\u00e9e pour am\u00e9liorer la respiration en \u00e9liminant les difficult\u00e9s respiratoires. Pour ceux qui sont m\u00e9contents de l&rsquo;apparence de leur nez, la question \u00ab\u00a0Qu&rsquo;est-ce que la rhinoplastie ?\u00a0\u00bb se pose souvent.Combien de temps dure l&rsquo;enflure apr\u00e8s une rhinoplastie ?<\/p>\n","protected":false},"excerpt":{"rendered":"<p>Le nez est l&rsquo;une des caract\u00e9ristiques les plus pro\u00e9minentes du visage humain. Beaucoup de gens sont insatisfaits de l&rsquo;apparence de leur nez. Cependant, avec les&#8230;<\/p>\n","protected":false},"author":3,"featured_media":0,"parent":0,"menu_order":0,"comment_status":"closed","ping_status":"closed","template":"page-hizmet-detay.php","meta":{"_acf_changed":false,"footnotes":""},"class_list":["post-1977","page","type-page","status-publish","hentry"],"acf":[],"_links":{"self":[{"href":"https:\/\/trkycares.com\/fr\/wp-json\/wp\/v2\/pages\/1977","targetHints":{"allow":["GET"]}}],"collection":[{"href":"https:\/\/trkycares.com\/fr\/wp-json\/wp\/v2\/pages"}],"about":[{"href":"https:\/\/trkycares.com\/fr\/wp-json\/wp\/v2\/types\/page"}],"author":[{"embeddable":true,"href":"https:\/\/trkycares.com\/fr\/wp-json\/wp\/v2\/users\/3"}],"replies":[{"embeddable":true,"href":"https:\/\/trkycares.com\/fr\/wp-json\/wp\/v2\/comments?post=1977"}],"version-history":[{"count":0,"href":"https:\/\/trkycares.com\/fr\/wp-json\/wp\/v2\/pages\/1977\/revisions"}],"wp:attachment":[{"href":"https:\/\/trkycares.com\/fr\/wp-json\/wp\/v2\/media?parent=1977"}],"curies":[{"name":"wp","href":"https:\/\/api.w.org\/{rel}","templated":true}]}}