{"id":1970,"date":"2024-08-02T15:17:58","date_gmt":"2024-08-02T12:17:58","guid":{"rendered":"https:\/\/turkey-cares.local\/why-turkey\/"},"modified":"2024-08-08T14:44:10","modified_gmt":"2024-08-08T11:44:10","slug":"pourquoi-la-turquie","status":"publish","type":"page","link":"https:\/\/trkycares.com\/fr\/pourquoi-la-turquie\/","title":{"rendered":"Pourquoi la Turquie ?"},"content":{"rendered":"<p>La Turquie accueille les patients du monde entier avec ses technologies m\u00e9dicales modernes et ses normes \u00e9lev\u00e9es en mati\u00e8re de services de sant\u00e9. Alors, quelles sont les autres raisons de choisir la Turquie pour vos soins de sant\u00e9 ? Voici les r\u00e9ponses&#8230;<\/p>\n<p><img loading=\"lazy\" decoding=\"async\" class=\"aligncenter size-full wp-image-866\" src=\"https:\/\/trkycares.com\/wp-content\/uploads\/2024\/08\/whyturkey.jpg\" alt=\"\" width=\"1330\" height=\"250\" srcset=\"https:\/\/trkycares.com\/wp-content\/uploads\/2024\/08\/whyturkey.jpg 1330w, https:\/\/trkycares.com\/wp-content\/uploads\/2024\/08\/whyturkey-300x56.jpg 300w, https:\/\/trkycares.com\/wp-content\/uploads\/2024\/08\/whyturkey-1024x192.jpg 1024w, https:\/\/trkycares.com\/wp-content\/uploads\/2024\/08\/whyturkey-768x144.jpg 768w\" sizes=\"auto, (max-width: 1330px) 100vw, 1330px\" \/><\/p>\n<h2>Un Leader Mondial en Tourisme de Sant\u00e9<\/h2>\n<p>Le tourisme de sant\u00e9 joue un r\u00f4le significatif pour de nombreuses personnes cherchant des soins m\u00e9dicaux de qualit\u00e9 \u00e0 l&rsquo;\u00e9chelle mondiale. En tant que l&rsquo;un des pays phares dans ce domaine, la Turquie accueille chaque ann\u00e9e des centaines de milliers de patients internationaux. Mais pourquoi les patients du monde entier choisissent-ils la Turquie ? Voici les principales raisons :<\/p>\n<h3>Des Services de Sant\u00e9 de Haute Qualit\u00e9 \u00e0 Prix Abordables<\/h3>\n<p>La Turquie offre des proc\u00e9dures m\u00e9dicales avanc\u00e9es et des traitements \u00e0 des normes comparables, voire sup\u00e9rieures \u00e0 celles des pays occidentaux, mais \u00e0 des co\u00fbts beaucoup plus abordables. En particulier pour les patients venant des \u00c9tats-Unis et d&rsquo;Europe, les services de sant\u00e9 en Turquie peuvent co\u00fbter de 50 \u00e0 70 % moins cher. Cela repr\u00e9sente une \u00e9conomie financi\u00e8re substantielle, surtout pour les grandes chirurgies et les traitements \u00e0 long terme.<\/p>\n<h3>Personnel M\u00e9dical Expert et Technologie Avanc\u00e9e<\/h3>\n<p>Les h\u00f4pitaux en Turquie sont \u00e9quip\u00e9s d&rsquo;\u00e9quipements \u00e0 la pointe de la technologie et d&rsquo;une infrastructure m\u00e9dicale de haut niveau. De nombreux m\u00e9decins et chirurgiens turcs ont \u00e9t\u00e9 form\u00e9s \u00e0 l&rsquo;international et sont des sp\u00e9cialistes dans leurs domaines, garantissant des services de classe mondiale en chirurgie esth\u00e9tique, cardiologie, oncologie, orthop\u00e9die et bien d&rsquo;autres domaines.<\/p>\n<h3>Situation G\u00e9opolitique et Acc\u00e8s Facile<\/h3>\n<p>La position g\u00e9opolitique de la Turquie fait d&rsquo;elle un pont entre l&rsquo;Europe, l&rsquo;Asie et le Moyen-Orient. Des villes comme Istanbul sont facilement accessibles avec des vols directs depuis de nombreuses grandes villes du monde, ce qui fait de la Turquie une destination attrayante pour les patients internationaux.<\/p>\n<h3>Patrimoine Culturel et Historique Riche<\/h3>\n<p>En plus des services de sant\u00e9, le riche patrimoine culturel et historique de la Turquie constitue un attrait suppl\u00e9mentaire pour les patients et leurs accompagnants. Des destinations comme Istanbul, la Cappadoce et Antalya offrent des exp\u00e9riences touristiques inoubliables en parall\u00e8le avec des services de sant\u00e9 de classe mondiale.<\/p>\n<h3>Int\u00e9gration des Installations Hospitali\u00e8res et de R\u00e9cup\u00e9ration<\/h3>\n<p>La Turquie propose des forfaits de tourisme de sant\u00e9 uniques qui combinent installations hospitali\u00e8res et de r\u00e9cup\u00e9ration. De nombreux h\u00f4pitaux collaborent avec des options d&rsquo;h\u00e9bergement confortables et des centres de bien-\u00eatre et sources thermales naturelles id\u00e9ales pour la r\u00e9habilitation. Cela garantit que les patients s\u00e9journent dans un environnement confortable et sans stress tout au long de leur traitement.<\/p>\n","protected":false},"excerpt":{"rendered":"<p>La Turquie accueille les patients du monde entier avec ses technologies m\u00e9dicales modernes et ses normes \u00e9lev\u00e9es en mati\u00e8re de services de sant\u00e9. Alors, quelles&#8230;<\/p>\n","protected":false},"author":3,"featured_media":0,"parent":0,"menu_order":0,"comment_status":"closed","ping_status":"closed","template":"page-why-turkey.php","meta":{"_acf_changed":false,"footnotes":""},"class_list":["post-1970","page","type-page","status-publish","hentry"],"acf":[],"_links":{"self":[{"href":"https:\/\/trkycares.com\/fr\/wp-json\/wp\/v2\/pages\/1970","targetHints":{"allow":["GET"]}}],"collection":[{"href":"https:\/\/trkycares.com\/fr\/wp-json\/wp\/v2\/pages"}],"about":[{"href":"https:\/\/trkycares.com\/fr\/wp-json\/wp\/v2\/types\/page"}],"author":[{"embeddable":true,"href":"https:\/\/trkycares.com\/fr\/wp-json\/wp\/v2\/users\/3"}],"replies":[{"embeddable":true,"href":"https:\/\/trkycares.com\/fr\/wp-json\/wp\/v2\/comments?post=1970"}],"version-history":[{"count":0,"href":"https:\/\/trkycares.com\/fr\/wp-json\/wp\/v2\/pages\/1970\/revisions"}],"wp:attachment":[{"href":"https:\/\/trkycares.com\/fr\/wp-json\/wp\/v2\/media?parent=1970"}],"curies":[{"name":"wp","href":"https:\/\/api.w.org\/{rel}","templated":true}]}}