{"id":1953,"date":"2024-07-18T15:08:41","date_gmt":"2024-07-18T12:08:41","guid":{"rendered":"https:\/\/turkey-cares.local\/meme-diklestirme\/"},"modified":"2026-02-25T16:01:18","modified_gmt":"2026-02-25T13:01:18","slug":"lifting-des-seins","status":"publish","type":"page","link":"https:\/\/trkycares.com\/fr\/lifting-des-seins\/","title":{"rendered":"Lifting Des Seins"},"content":{"rendered":"<p>Pour de nombreuses femmes, l&rsquo;apparence joue un r\u00f4le crucial dans leur bien-\u00eatre g\u00e9n\u00e9ral. Beaucoup se sentent insatisfaites de la forme de leurs seins. Gr\u00e2ce aux avanc\u00e9es technologiques et m\u00e9dicales, plusieurs options sont disponibles pour r\u00e9soudre ce probl\u00e8me. En Turquie, la chirurgie de lifting mammaire est une proc\u00e9dure tr\u00e8s demand\u00e9e qui offre aux femmes la possibilit\u00e9 d&rsquo;obtenir la forme de seins souhait\u00e9e.<\/p>\n<p>Chez Turkey Cares, nous garantissons les meilleurs r\u00e9sultats \u00e0 nos patientes en offrant des proc\u00e9dures de lifting mammaire de haute qualit\u00e9, adapt\u00e9es aux besoins uniques de chaque individu.<\/p>\n","protected":false},"excerpt":{"rendered":"<p>Pour de nombreuses femmes, l&rsquo;apparence joue un r\u00f4le crucial dans leur bien-\u00eatre g\u00e9n\u00e9ral. Beaucoup se sentent insatisfaites de la forme de leurs seins. Gr\u00e2ce aux&#8230;<\/p>\n","protected":false},"author":3,"featured_media":0,"parent":0,"menu_order":0,"comment_status":"closed","ping_status":"closed","template":"page-hizmet-detay.php","meta":{"_acf_changed":false,"footnotes":""},"class_list":["post-1953","page","type-page","status-publish","hentry"],"acf":[],"_links":{"self":[{"href":"https:\/\/trkycares.com\/fr\/wp-json\/wp\/v2\/pages\/1953","targetHints":{"allow":["GET"]}}],"collection":[{"href":"https:\/\/trkycares.com\/fr\/wp-json\/wp\/v2\/pages"}],"about":[{"href":"https:\/\/trkycares.com\/fr\/wp-json\/wp\/v2\/types\/page"}],"author":[{"embeddable":true,"href":"https:\/\/trkycares.com\/fr\/wp-json\/wp\/v2\/users\/3"}],"replies":[{"embeddable":true,"href":"https:\/\/trkycares.com\/fr\/wp-json\/wp\/v2\/comments?post=1953"}],"version-history":[{"count":0,"href":"https:\/\/trkycares.com\/fr\/wp-json\/wp\/v2\/pages\/1953\/revisions"}],"wp:attachment":[{"href":"https:\/\/trkycares.com\/fr\/wp-json\/wp\/v2\/media?parent=1953"}],"curies":[{"name":"wp","href":"https:\/\/api.w.org\/{rel}","templated":true}]}}