{"id":1950,"date":"2024-07-12T14:39:55","date_gmt":"2024-07-12T11:39:55","guid":{"rendered":"https:\/\/turkey-cares.local\/hakkimizda\/"},"modified":"2025-03-13T14:30:26","modified_gmt":"2025-03-13T11:30:26","slug":"a-propos-de-nous","status":"publish","type":"page","link":"https:\/\/trkycares.com\/fr\/a-propos-de-nous\/","title":{"rendered":"\u00c0 Propos De Nous"},"content":{"rendered":"<h4>Nous valorisons votre bonheur<\/h4>\n<h2>Qui sommes-nous ?<\/h2>\n<p>Turkey Cares est une famille qui accorde une grande importance \u00e0 vos besoins en sant\u00e9 et en esth\u00e9tique, qui sont \u00e0 la base de votre bonheur. En tant que l&rsquo;un des principaux \u00e9tablissements de sant\u00e9 en Turquie, nous sommes ici pour votre bien-\u00eatre.<\/p>\n<p>Turkey Cares est sp\u00e9cialis\u00e9e dans la sant\u00e9 et l&rsquo;esth\u00e9tique dentaires. Cependant, nous ne nous concentrons pas uniquement sur vos dents ; nous offrons \u00e9galement des services dans des domaines tels que la greffe de cheveux, la chirurgie plastique, la sant\u00e9 des yeux et des troubles gastro-intestinaux. Votre sant\u00e9 et votre bonheur sont notre priorit\u00e9.<\/p>\n","protected":false},"excerpt":{"rendered":"<p>Nous valorisons votre bonheur Qui sommes-nous ? Turkey Cares est une famille qui accorde une grande importance \u00e0 vos besoins en sant\u00e9 et en esth\u00e9tique,&#8230;<\/p>\n","protected":false},"author":3,"featured_media":0,"parent":0,"menu_order":0,"comment_status":"closed","ping_status":"closed","template":"page-hakkinda.php","meta":{"_acf_changed":false,"footnotes":""},"class_list":["post-1950","page","type-page","status-publish","hentry"],"acf":[],"_links":{"self":[{"href":"https:\/\/trkycares.com\/fr\/wp-json\/wp\/v2\/pages\/1950","targetHints":{"allow":["GET"]}}],"collection":[{"href":"https:\/\/trkycares.com\/fr\/wp-json\/wp\/v2\/pages"}],"about":[{"href":"https:\/\/trkycares.com\/fr\/wp-json\/wp\/v2\/types\/page"}],"author":[{"embeddable":true,"href":"https:\/\/trkycares.com\/fr\/wp-json\/wp\/v2\/users\/3"}],"replies":[{"embeddable":true,"href":"https:\/\/trkycares.com\/fr\/wp-json\/wp\/v2\/comments?post=1950"}],"version-history":[{"count":0,"href":"https:\/\/trkycares.com\/fr\/wp-json\/wp\/v2\/pages\/1950\/revisions"}],"wp:attachment":[{"href":"https:\/\/trkycares.com\/fr\/wp-json\/wp\/v2\/media?parent=1950"}],"curies":[{"name":"wp","href":"https:\/\/api.w.org\/{rel}","templated":true}]}}