{"id":1943,"date":"2024-07-18T15:56:29","date_gmt":"2024-07-18T12:56:29","guid":{"rendered":"https:\/\/turkey-cares.local\/mide-kucultme\/"},"modified":"2026-02-25T15:56:28","modified_gmt":"2026-02-25T12:56:28","slug":"reduction-de-lestomac","status":"publish","type":"page","link":"https:\/\/trkycares.com\/fr\/reduction-de-lestomac\/","title":{"rendered":"R\u00e9duction De L&rsquo;Estomac"},"content":{"rendered":"<p>Dans les ann\u00e9es 2020, presque toutes les tranches d&rsquo;\u00e2ge sont confront\u00e9es \u00e0 des probl\u00e8mes d&rsquo;ob\u00e9sit\u00e9. La perte de poids peut \u00eatre obtenue par des r\u00e9gimes alimentaires, de l&rsquo;exercice et des changements dans les habitudes alimentaires. Cependant, certaines personnes ne parviennent pas \u00e0 perdre du poids malgr\u00e9 tous leurs efforts. \u00c0 ce stade, les interventions chirurgicales entrent en jeu. La r\u00e9duction de l&rsquo;estomac offre une solution permanente et efficace pour les individus qui ont du mal \u00e0 perdre du poids. Cette op\u00e9ration aide les personnes \u00e0 perdre du poids en r\u00e9duisant la consommation alimentaire et en procurant une sensation de sati\u00e9t\u00e9 plus rapide.<\/p>\n","protected":false},"excerpt":{"rendered":"<p>Dans les ann\u00e9es 2020, presque toutes les tranches d&rsquo;\u00e2ge sont confront\u00e9es \u00e0 des probl\u00e8mes d&rsquo;ob\u00e9sit\u00e9. La perte de poids peut \u00eatre obtenue par des r\u00e9gimes&#8230;<\/p>\n","protected":false},"author":3,"featured_media":0,"parent":0,"menu_order":0,"comment_status":"closed","ping_status":"closed","template":"page-hizmet-detay.php","meta":{"_acf_changed":false,"footnotes":""},"class_list":["post-1943","page","type-page","status-publish","hentry"],"acf":[],"_links":{"self":[{"href":"https:\/\/trkycares.com\/fr\/wp-json\/wp\/v2\/pages\/1943","targetHints":{"allow":["GET"]}}],"collection":[{"href":"https:\/\/trkycares.com\/fr\/wp-json\/wp\/v2\/pages"}],"about":[{"href":"https:\/\/trkycares.com\/fr\/wp-json\/wp\/v2\/types\/page"}],"author":[{"embeddable":true,"href":"https:\/\/trkycares.com\/fr\/wp-json\/wp\/v2\/users\/3"}],"replies":[{"embeddable":true,"href":"https:\/\/trkycares.com\/fr\/wp-json\/wp\/v2\/comments?post=1943"}],"version-history":[{"count":0,"href":"https:\/\/trkycares.com\/fr\/wp-json\/wp\/v2\/pages\/1943\/revisions"}],"wp:attachment":[{"href":"https:\/\/trkycares.com\/fr\/wp-json\/wp\/v2\/media?parent=1943"}],"curies":[{"name":"wp","href":"https:\/\/api.w.org\/{rel}","templated":true}]}}