{"id":1939,"date":"2024-07-18T16:05:32","date_gmt":"2024-07-18T13:05:32","guid":{"rendered":"https:\/\/turkey-cares.local\/oftalmoloji\/"},"modified":"2026-02-25T15:57:33","modified_gmt":"2026-02-25T12:57:33","slug":"ophtalmologie","status":"publish","type":"page","link":"https:\/\/trkycares.com\/fr\/ophtalmologie\/","title":{"rendered":"Ophtalmologie"},"content":{"rendered":"<p>Beaucoup de jeunes r\u00eavent d&rsquo;\u00e9tudier la m\u00e9decine et passent \u00e0 une formation sp\u00e9cialis\u00e9e apr\u00e8s six ans d&rsquo;\u00e9tudes m\u00e9dicales. Les dipl\u00f4m\u00e9s de la facult\u00e9 de m\u00e9decine ont souvent du mal \u00e0 d\u00e9cider dans quel domaine se sp\u00e9cialiser. L&rsquo;ophtalmologie, bien qu&rsquo;elle soit un domaine auquel de nombreuses personnes ne sont pas famili\u00e8res, offre des solutions critiques aux probl\u00e8mes de vision en Turquie. Gr\u00e2ce \u00e0 des traitements ophtalmologiques avanc\u00e9s, Turkey Cares vise \u00e0 am\u00e9liorer la qualit\u00e9 de vie des individus souffrant de diverses maladies oculaires, en offrant des soins sp\u00e9cialis\u00e9s et des solutions innovantes pour pr\u00e9server et restaurer la sant\u00e9 visuelle.<\/p>\n","protected":false},"excerpt":{"rendered":"<p>Beaucoup de jeunes r\u00eavent d&rsquo;\u00e9tudier la m\u00e9decine et passent \u00e0 une formation sp\u00e9cialis\u00e9e apr\u00e8s six ans d&rsquo;\u00e9tudes m\u00e9dicales. Les dipl\u00f4m\u00e9s de la facult\u00e9 de m\u00e9decine&#8230;<\/p>\n","protected":false},"author":3,"featured_media":0,"parent":0,"menu_order":0,"comment_status":"closed","ping_status":"closed","template":"page-hizmet-detay.php","meta":{"_acf_changed":false,"footnotes":""},"class_list":["post-1939","page","type-page","status-publish","hentry"],"acf":[],"_links":{"self":[{"href":"https:\/\/trkycares.com\/fr\/wp-json\/wp\/v2\/pages\/1939","targetHints":{"allow":["GET"]}}],"collection":[{"href":"https:\/\/trkycares.com\/fr\/wp-json\/wp\/v2\/pages"}],"about":[{"href":"https:\/\/trkycares.com\/fr\/wp-json\/wp\/v2\/types\/page"}],"author":[{"embeddable":true,"href":"https:\/\/trkycares.com\/fr\/wp-json\/wp\/v2\/users\/3"}],"replies":[{"embeddable":true,"href":"https:\/\/trkycares.com\/fr\/wp-json\/wp\/v2\/comments?post=1939"}],"version-history":[{"count":0,"href":"https:\/\/trkycares.com\/fr\/wp-json\/wp\/v2\/pages\/1939\/revisions"}],"wp:attachment":[{"href":"https:\/\/trkycares.com\/fr\/wp-json\/wp\/v2\/media?parent=1939"}],"curies":[{"name":"wp","href":"https:\/\/api.w.org\/{rel}","templated":true}]}}