{"id":1936,"date":"2024-07-18T14:36:10","date_gmt":"2024-07-18T11:36:10","guid":{"rendered":"https:\/\/turkey-cares.local\/diger-hizmetler\/"},"modified":"2024-08-08T17:14:13","modified_gmt":"2024-08-08T14:14:13","slug":"autres-services","status":"publish","type":"page","link":"https:\/\/trkycares.com\/fr\/autres-services\/","title":{"rendered":"AUTRES SERVICES"},"content":{"rendered":"<h4>Pr\u00e9servez Votre Qualit\u00e9 de Vie<\/h4>\n<h2>AUTRES SERVICES<\/h2>\n<p>Turkey Cares accorde \u00e9galement une attention et un soin particuliers aux interventions de r\u00e9duction de la taille des yeux et de l&rsquo;estomac, en plus des greffes de cheveux et des diverses chirurgies esth\u00e9tiques. La confiance de nos patients est la pierre angulaire qui fa\u00e7onne notre avenir.<\/p>\n","protected":false},"excerpt":{"rendered":"<p>Pr\u00e9servez Votre Qualit\u00e9 de Vie AUTRES SERVICES Turkey Cares accorde \u00e9galement une attention et un soin particuliers aux interventions de r\u00e9duction de la taille des&#8230;<\/p>\n","protected":false},"author":3,"featured_media":0,"parent":0,"menu_order":0,"comment_status":"closed","ping_status":"closed","template":"page-hizmetler.php","meta":{"_acf_changed":false,"footnotes":""},"class_list":["post-1936","page","type-page","status-publish","hentry"],"acf":[],"_links":{"self":[{"href":"https:\/\/trkycares.com\/fr\/wp-json\/wp\/v2\/pages\/1936","targetHints":{"allow":["GET"]}}],"collection":[{"href":"https:\/\/trkycares.com\/fr\/wp-json\/wp\/v2\/pages"}],"about":[{"href":"https:\/\/trkycares.com\/fr\/wp-json\/wp\/v2\/types\/page"}],"author":[{"embeddable":true,"href":"https:\/\/trkycares.com\/fr\/wp-json\/wp\/v2\/users\/3"}],"replies":[{"embeddable":true,"href":"https:\/\/trkycares.com\/fr\/wp-json\/wp\/v2\/comments?post=1936"}],"version-history":[{"count":0,"href":"https:\/\/trkycares.com\/fr\/wp-json\/wp\/v2\/pages\/1936\/revisions"}],"wp:attachment":[{"href":"https:\/\/trkycares.com\/fr\/wp-json\/wp\/v2\/media?parent=1936"}],"curies":[{"name":"wp","href":"https:\/\/api.w.org\/{rel}","templated":true}]}}