{"id":1933,"date":"2024-07-18T15:32:33","date_gmt":"2024-07-18T12:32:33","guid":{"rendered":"https:\/\/turkey-cares.local\/liposuction\/"},"modified":"2026-02-25T16:02:25","modified_gmt":"2026-02-25T13:02:25","slug":"liposuccion","status":"publish","type":"page","link":"https:\/\/trkycares.com\/fr\/liposuccion\/","title":{"rendered":"Liposuccion"},"content":{"rendered":"<p>Tout le monde peut \u00eatre confront\u00e9 \u00e0 un exc\u00e8s de poids, peu importe son \u00e2ge. Une mauvaise alimentation et un mode de vie s\u00e9dentaire peuvent entra\u00eener une prise de poids. De plus, les d\u00e9p\u00f4ts de graisse localis\u00e9s dans le corps peuvent \u00e9galement \u00eatre un probl\u00e8me important.<\/p>\n<p>La liposuccion est une proc\u00e9dure chirurgicale sp\u00e9cialement con\u00e7ue pour r\u00e9duire les d\u00e9p\u00f4ts de graisse localis\u00e9s. Bien qu&rsquo;elle ne soit pas une solution permanente ou d\u00e9finitive, elle est reconnue pour son efficacit\u00e9 dans les zones cibl\u00e9es.<\/p>\n","protected":false},"excerpt":{"rendered":"<p>Tout le monde peut \u00eatre confront\u00e9 \u00e0 un exc\u00e8s de poids, peu importe son \u00e2ge. Une mauvaise alimentation et un mode de vie s\u00e9dentaire peuvent&#8230;<\/p>\n","protected":false},"author":3,"featured_media":0,"parent":0,"menu_order":0,"comment_status":"closed","ping_status":"closed","template":"page-hizmet-detay.php","meta":{"_acf_changed":false,"footnotes":""},"class_list":["post-1933","page","type-page","status-publish","hentry"],"acf":[],"_links":{"self":[{"href":"https:\/\/trkycares.com\/fr\/wp-json\/wp\/v2\/pages\/1933","targetHints":{"allow":["GET"]}}],"collection":[{"href":"https:\/\/trkycares.com\/fr\/wp-json\/wp\/v2\/pages"}],"about":[{"href":"https:\/\/trkycares.com\/fr\/wp-json\/wp\/v2\/types\/page"}],"author":[{"embeddable":true,"href":"https:\/\/trkycares.com\/fr\/wp-json\/wp\/v2\/users\/3"}],"replies":[{"embeddable":true,"href":"https:\/\/trkycares.com\/fr\/wp-json\/wp\/v2\/comments?post=1933"}],"version-history":[{"count":0,"href":"https:\/\/trkycares.com\/fr\/wp-json\/wp\/v2\/pages\/1933\/revisions"}],"wp:attachment":[{"href":"https:\/\/trkycares.com\/fr\/wp-json\/wp\/v2\/media?parent=1933"}],"curies":[{"name":"wp","href":"https:\/\/api.w.org\/{rel}","templated":true}]}}