{"id":1929,"date":"2024-07-18T14:35:03","date_gmt":"2024-07-18T11:35:03","guid":{"rendered":"https:\/\/turkey-cares.local\/estetik-cerrahi\/"},"modified":"2024-08-08T17:13:24","modified_gmt":"2024-08-08T14:13:24","slug":"chirurgie-esthetique","status":"publish","type":"page","link":"https:\/\/trkycares.com\/fr\/chirurgie-esthetique\/","title":{"rendered":"CHIRURGIE ESTH\u00c9TIQUE"},"content":{"rendered":"<h4>Prot\u00e9gez votre qualit\u00e9 de vie<\/h4>\n<h2>CHIRURGIE ESTH\u00c9TIQUE<\/h2>\n<p>Turkey Cares propose des interventions esth\u00e9tiques reconnues et populaires en Turquie. Des proc\u00e9dures telles que la rhinoplastie, la mastopexie et la liposuccion sont r\u00e9alis\u00e9es dans des h\u00f4pitaux prestigieux \u00e9quip\u00e9s des derni\u00e8res technologies m\u00e9dicales, sous la supervision de professionnels de sant\u00e9 sp\u00e9cialis\u00e9s.<\/p>\n","protected":false},"excerpt":{"rendered":"<p>Prot\u00e9gez votre qualit\u00e9 de vie CHIRURGIE ESTH\u00c9TIQUE Turkey Cares propose des interventions esth\u00e9tiques reconnues et populaires en Turquie. Des proc\u00e9dures telles que la rhinoplastie, la&#8230;<\/p>\n","protected":false},"author":3,"featured_media":0,"parent":0,"menu_order":0,"comment_status":"closed","ping_status":"closed","template":"page-hizmetler.php","meta":{"_acf_changed":false,"footnotes":""},"class_list":["post-1929","page","type-page","status-publish","hentry"],"acf":[],"_links":{"self":[{"href":"https:\/\/trkycares.com\/fr\/wp-json\/wp\/v2\/pages\/1929","targetHints":{"allow":["GET"]}}],"collection":[{"href":"https:\/\/trkycares.com\/fr\/wp-json\/wp\/v2\/pages"}],"about":[{"href":"https:\/\/trkycares.com\/fr\/wp-json\/wp\/v2\/types\/page"}],"author":[{"embeddable":true,"href":"https:\/\/trkycares.com\/fr\/wp-json\/wp\/v2\/users\/3"}],"replies":[{"embeddable":true,"href":"https:\/\/trkycares.com\/fr\/wp-json\/wp\/v2\/comments?post=1929"}],"version-history":[{"count":0,"href":"https:\/\/trkycares.com\/fr\/wp-json\/wp\/v2\/pages\/1929\/revisions"}],"wp:attachment":[{"href":"https:\/\/trkycares.com\/fr\/wp-json\/wp\/v2\/media?parent=1929"}],"curies":[{"name":"wp","href":"https:\/\/api.w.org\/{rel}","templated":true}]}}