{"id":1917,"date":"2024-07-18T15:23:38","date_gmt":"2024-07-18T12:23:38","guid":{"rendered":"https:\/\/turkey-cares.local\/kas-ekimi\/"},"modified":"2026-02-25T15:58:56","modified_gmt":"2026-02-25T12:58:56","slug":"transplantation-de-sourcils","status":"publish","type":"page","link":"https:\/\/trkycares.com\/fr\/transplantation-de-sourcils\/","title":{"rendered":"Transplantation de Sourcils"},"content":{"rendered":"<p>Les gens recherchent une apparence parfaite, et les sourcils, avec les yeux, le nez, les l\u00e8vres et les pommettes, sont une caract\u00e9ristique importante du visage. Obtenir le ratio d&rsquo;or en esth\u00e9tique faciale est possible avec des sourcils bien entretenus. Alors que les implants capillaires et les implants de barbe sont tr\u00e8s populaires, la greffe de sourcils a \u00e9galement suscit\u00e9 un grand int\u00e9r\u00eat r\u00e9cemment. Beaucoup de gens se demandent ce qu&rsquo;est une greffe de sourcils.<\/p>\n","protected":false},"excerpt":{"rendered":"<p>Les gens recherchent une apparence parfaite, et les sourcils, avec les yeux, le nez, les l\u00e8vres et les pommettes, sont une caract\u00e9ristique importante du visage&#8230;.<\/p>\n","protected":false},"author":3,"featured_media":0,"parent":0,"menu_order":0,"comment_status":"closed","ping_status":"closed","template":"page-hizmet-detay.php","meta":{"_acf_changed":false,"footnotes":""},"class_list":["post-1917","page","type-page","status-publish","hentry"],"acf":[],"_links":{"self":[{"href":"https:\/\/trkycares.com\/fr\/wp-json\/wp\/v2\/pages\/1917","targetHints":{"allow":["GET"]}}],"collection":[{"href":"https:\/\/trkycares.com\/fr\/wp-json\/wp\/v2\/pages"}],"about":[{"href":"https:\/\/trkycares.com\/fr\/wp-json\/wp\/v2\/types\/page"}],"author":[{"embeddable":true,"href":"https:\/\/trkycares.com\/fr\/wp-json\/wp\/v2\/users\/3"}],"replies":[{"embeddable":true,"href":"https:\/\/trkycares.com\/fr\/wp-json\/wp\/v2\/comments?post=1917"}],"version-history":[{"count":0,"href":"https:\/\/trkycares.com\/fr\/wp-json\/wp\/v2\/pages\/1917\/revisions"}],"wp:attachment":[{"href":"https:\/\/trkycares.com\/fr\/wp-json\/wp\/v2\/media?parent=1917"}],"curies":[{"name":"wp","href":"https:\/\/api.w.org\/{rel}","templated":true}]}}