{"id":1913,"date":"2024-07-18T16:23:17","date_gmt":"2024-07-18T13:23:17","guid":{"rendered":"https:\/\/turkey-cares.local\/sakal-ekimi\/"},"modified":"2026-02-25T15:57:59","modified_gmt":"2026-02-25T12:57:59","slug":"implantation-de-barbe","status":"publish","type":"page","link":"https:\/\/trkycares.com\/fr\/implantation-de-barbe\/","title":{"rendered":"Implantation de Barbe"},"content":{"rendered":"<p>L&rsquo;implantation de barbe, tout comme la greffe de cheveux, est tr\u00e8s populaire et offre des solutions aux personnes ayant une croissance de barbe clairsem\u00e9e ou pr\u00e9sentant des zones d\u00e9garnies. Si vous recherchez un centre professionnel et de haute qualit\u00e9 pour l&rsquo;implantation de barbe en Turquie, nous vous recommandons vivement de contacter Turkey Cares.<\/p>\n","protected":false},"excerpt":{"rendered":"<p>L&rsquo;implantation de barbe, tout comme la greffe de cheveux, est tr\u00e8s populaire et offre des solutions aux personnes ayant une croissance de barbe clairsem\u00e9e ou&#8230;<\/p>\n","protected":false},"author":3,"featured_media":0,"parent":0,"menu_order":0,"comment_status":"closed","ping_status":"closed","template":"page-hizmet-detay.php","meta":{"_acf_changed":false,"footnotes":""},"class_list":["post-1913","page","type-page","status-publish","hentry"],"acf":[],"_links":{"self":[{"href":"https:\/\/trkycares.com\/fr\/wp-json\/wp\/v2\/pages\/1913","targetHints":{"allow":["GET"]}}],"collection":[{"href":"https:\/\/trkycares.com\/fr\/wp-json\/wp\/v2\/pages"}],"about":[{"href":"https:\/\/trkycares.com\/fr\/wp-json\/wp\/v2\/types\/page"}],"author":[{"embeddable":true,"href":"https:\/\/trkycares.com\/fr\/wp-json\/wp\/v2\/users\/3"}],"replies":[{"embeddable":true,"href":"https:\/\/trkycares.com\/fr\/wp-json\/wp\/v2\/comments?post=1913"}],"version-history":[{"count":0,"href":"https:\/\/trkycares.com\/fr\/wp-json\/wp\/v2\/pages\/1913\/revisions"}],"wp:attachment":[{"href":"https:\/\/trkycares.com\/fr\/wp-json\/wp\/v2\/media?parent=1913"}],"curies":[{"name":"wp","href":"https:\/\/api.w.org\/{rel}","templated":true}]}}