{"id":1910,"date":"2024-07-18T17:30:19","date_gmt":"2024-07-18T14:30:19","guid":{"rendered":"https:\/\/turkey-cares.local\/sac-ekimi\/"},"modified":"2026-02-25T15:58:34","modified_gmt":"2026-02-25T12:58:34","slug":"transplantation-de-cheveux","status":"publish","type":"page","link":"https:\/\/trkycares.com\/fr\/transplantation-de-cheveux\/","title":{"rendered":"Transplantation de Cheveux"},"content":{"rendered":"<p>Avec la transplantation de cheveux, vous pouvez obtenir des cheveux naturels, \u00e9clatants et beaucoup plus sains. La transplantation de cheveux, qui r\u00e9sout efficacement les probl\u00e8mes de perte de cheveux et de calvitie, devient de plus en plus populaire. La Turquie est l&rsquo;un des pays leaders dans le domaine de la transplantation de cheveux. Des personnes de divers pays viennent en Turquie pour b\u00e9n\u00e9ficier de ce service. Turkey Cares, situ\u00e9 dans le quartier de Beylikd\u00fcz\u00fc \u00e0 Istanbul, est l&rsquo;un des meilleurs centres de transplantation de cheveux en Turquie.<\/p>\n","protected":false},"excerpt":{"rendered":"<p>Avec la transplantation de cheveux, vous pouvez obtenir des cheveux naturels, \u00e9clatants et beaucoup plus sains. La transplantation de cheveux, qui r\u00e9sout efficacement les probl\u00e8mes&#8230;<\/p>\n","protected":false},"author":3,"featured_media":0,"parent":0,"menu_order":0,"comment_status":"closed","ping_status":"closed","template":"page-hizmet-detay.php","meta":{"_acf_changed":false,"footnotes":""},"class_list":["post-1910","page","type-page","status-publish","hentry"],"acf":[],"_links":{"self":[{"href":"https:\/\/trkycares.com\/fr\/wp-json\/wp\/v2\/pages\/1910","targetHints":{"allow":["GET"]}}],"collection":[{"href":"https:\/\/trkycares.com\/fr\/wp-json\/wp\/v2\/pages"}],"about":[{"href":"https:\/\/trkycares.com\/fr\/wp-json\/wp\/v2\/types\/page"}],"author":[{"embeddable":true,"href":"https:\/\/trkycares.com\/fr\/wp-json\/wp\/v2\/users\/3"}],"replies":[{"embeddable":true,"href":"https:\/\/trkycares.com\/fr\/wp-json\/wp\/v2\/comments?post=1910"}],"version-history":[{"count":0,"href":"https:\/\/trkycares.com\/fr\/wp-json\/wp\/v2\/pages\/1910\/revisions"}],"wp:attachment":[{"href":"https:\/\/trkycares.com\/fr\/wp-json\/wp\/v2\/media?parent=1910"}],"curies":[{"name":"wp","href":"https:\/\/api.w.org\/{rel}","templated":true}]}}