{"id":1907,"date":"2024-07-18T14:35:39","date_gmt":"2024-07-18T11:35:39","guid":{"rendered":"https:\/\/turkey-cares.local\/sac-operasyonlari\/"},"modified":"2024-08-08T17:12:16","modified_gmt":"2024-08-08T14:12:16","slug":"operations-capillaires","status":"publish","type":"page","link":"https:\/\/trkycares.com\/fr\/operations-capillaires\/","title":{"rendered":"OP\u00c9RATIONS CAPILLAIRES"},"content":{"rendered":"<h4>Maintenez votre qualit\u00e9 de vie<\/h4>\n<h2>OP\u00c9RATIONS CAPILLAIRES<\/h2>\n<p>Turkey Cares propose des services de transplantation de cheveux, de barbe, de sourcils et de moustache dans les meilleurs h\u00f4pitaux de Turquie. Avec les \u00e9quipements et outils m\u00e9dicaux les plus r\u00e9cents, sous la direction de m\u00e9decins experts, nous garantissons des r\u00e9sultats naturels et durables.<\/p>\n","protected":false},"excerpt":{"rendered":"<p>Maintenez votre qualit\u00e9 de vie OP\u00c9RATIONS CAPILLAIRES Turkey Cares propose des services de transplantation de cheveux, de barbe, de sourcils et de moustache dans les&#8230;<\/p>\n","protected":false},"author":3,"featured_media":0,"parent":0,"menu_order":0,"comment_status":"closed","ping_status":"closed","template":"page-hizmetler.php","meta":{"_acf_changed":false,"footnotes":""},"class_list":["post-1907","page","type-page","status-publish","hentry"],"acf":[],"_links":{"self":[{"href":"https:\/\/trkycares.com\/fr\/wp-json\/wp\/v2\/pages\/1907","targetHints":{"allow":["GET"]}}],"collection":[{"href":"https:\/\/trkycares.com\/fr\/wp-json\/wp\/v2\/pages"}],"about":[{"href":"https:\/\/trkycares.com\/fr\/wp-json\/wp\/v2\/types\/page"}],"author":[{"embeddable":true,"href":"https:\/\/trkycares.com\/fr\/wp-json\/wp\/v2\/users\/3"}],"replies":[{"embeddable":true,"href":"https:\/\/trkycares.com\/fr\/wp-json\/wp\/v2\/comments?post=1907"}],"version-history":[{"count":0,"href":"https:\/\/trkycares.com\/fr\/wp-json\/wp\/v2\/pages\/1907\/revisions"}],"wp:attachment":[{"href":"https:\/\/trkycares.com\/fr\/wp-json\/wp\/v2\/media?parent=1907"}],"curies":[{"name":"wp","href":"https:\/\/api.w.org\/{rel}","templated":true}]}}