{"id":1903,"date":"2024-07-10T11:32:38","date_gmt":"2024-07-10T08:32:38","guid":{"rendered":"https:\/\/turkey-cares.local\/dental-clinic\/"},"modified":"2024-08-08T10:06:00","modified_gmt":"2024-08-08T07:06:00","slug":"clinique-dentaire","status":"publish","type":"page","link":"https:\/\/trkycares.com\/fr\/clinique-dentaire\/","title":{"rendered":"CLINIQUE DENTAIRE"},"content":{"rendered":"<h4>Maintenez votre qualit\u00e9 de vie<\/h4>\n<h2>SERVICES CLINIQUES<\/h2>\n<p>Turkey Cares vous offre ses services distingu\u00e9s dans le domaine de la dentisterie, avec des h\u00f4pitaux \u00e9quip\u00e9s de mat\u00e9riel de pointe et un personnel de sant\u00e9 expert. Vous pouvez vous d\u00e9barrasser de tous vos probl\u00e8mes dentaires et obtenir le sourire Hollywood que vous avez toujours r\u00eav\u00e9.<\/p>\n","protected":false},"excerpt":{"rendered":"<p>Maintenez votre qualit\u00e9 de vie SERVICES CLINIQUES Turkey Cares vous offre ses services distingu\u00e9s dans le domaine de la dentisterie, avec des h\u00f4pitaux \u00e9quip\u00e9s de&#8230;<\/p>\n","protected":false},"author":3,"featured_media":0,"parent":0,"menu_order":0,"comment_status":"closed","ping_status":"closed","template":"page-hizmetler.php","meta":{"_acf_changed":false,"footnotes":""},"class_list":["post-1903","page","type-page","status-publish","hentry"],"acf":[],"_links":{"self":[{"href":"https:\/\/trkycares.com\/fr\/wp-json\/wp\/v2\/pages\/1903","targetHints":{"allow":["GET"]}}],"collection":[{"href":"https:\/\/trkycares.com\/fr\/wp-json\/wp\/v2\/pages"}],"about":[{"href":"https:\/\/trkycares.com\/fr\/wp-json\/wp\/v2\/types\/page"}],"author":[{"embeddable":true,"href":"https:\/\/trkycares.com\/fr\/wp-json\/wp\/v2\/users\/3"}],"replies":[{"embeddable":true,"href":"https:\/\/trkycares.com\/fr\/wp-json\/wp\/v2\/comments?post=1903"}],"version-history":[{"count":0,"href":"https:\/\/trkycares.com\/fr\/wp-json\/wp\/v2\/pages\/1903\/revisions"}],"wp:attachment":[{"href":"https:\/\/trkycares.com\/fr\/wp-json\/wp\/v2\/media?parent=1903"}],"curies":[{"name":"wp","href":"https:\/\/api.w.org\/{rel}","templated":true}]}}