{"id":1898,"date":"2024-07-09T17:12:07","date_gmt":"2024-07-09T14:12:07","guid":{"rendered":"https:\/\/turkey-cares.local\/dental-aesthetics\/"},"modified":"2026-02-25T15:23:49","modified_gmt":"2026-02-25T12:23:49","slug":"esthetique-dentaire","status":"publish","type":"page","link":"https:\/\/trkycares.com\/fr\/esthetique-dentaire\/","title":{"rendered":"Esth\u00e9tique Dentaire"},"content":{"rendered":"<p>Une bonne hygi\u00e8ne dentaire est essentielle pour la sant\u00e9 globale. Les dents jouent un r\u00f4le cl\u00e9 dans la digestion et sont vitales pour un sourire confiant. Les dents manquantes ou cari\u00e9es peuvent nuire \u00e0 la fois \u00e0 la sant\u00e9 buccale et g\u00e9n\u00e9rale et affecter les interactions sociales.<\/p>\n<p>L&rsquo;esth\u00e9tique dentaire offre des solutions \u00e0 ces probl\u00e8mes, vous aidant \u00e0 obtenir le sourire que vous d\u00e9sirez. Turkey Cares propose une gamme de traitements dentaires con\u00e7us pour am\u00e9liorer votre sant\u00e9 buccale et renforcer votre confiance, vous permettant de sourire librement et de vivre pleinement votre vie.<\/p>\n","protected":false},"excerpt":{"rendered":"<p>Une bonne hygi\u00e8ne dentaire est essentielle pour la sant\u00e9 globale. Les dents jouent un r\u00f4le cl\u00e9 dans la digestion et sont vitales pour un sourire&#8230;<\/p>\n","protected":false},"author":3,"featured_media":0,"parent":0,"menu_order":0,"comment_status":"closed","ping_status":"closed","template":"page-hizmet-detay.php","meta":{"_acf_changed":false,"footnotes":""},"class_list":["post-1898","page","type-page","status-publish","hentry"],"acf":[],"_links":{"self":[{"href":"https:\/\/trkycares.com\/fr\/wp-json\/wp\/v2\/pages\/1898","targetHints":{"allow":["GET"]}}],"collection":[{"href":"https:\/\/trkycares.com\/fr\/wp-json\/wp\/v2\/pages"}],"about":[{"href":"https:\/\/trkycares.com\/fr\/wp-json\/wp\/v2\/types\/page"}],"author":[{"embeddable":true,"href":"https:\/\/trkycares.com\/fr\/wp-json\/wp\/v2\/users\/3"}],"replies":[{"embeddable":true,"href":"https:\/\/trkycares.com\/fr\/wp-json\/wp\/v2\/comments?post=1898"}],"version-history":[{"count":0,"href":"https:\/\/trkycares.com\/fr\/wp-json\/wp\/v2\/pages\/1898\/revisions"}],"wp:attachment":[{"href":"https:\/\/trkycares.com\/fr\/wp-json\/wp\/v2\/media?parent=1898"}],"curies":[{"name":"wp","href":"https:\/\/api.w.org\/{rel}","templated":true}]}}