{"id":1889,"date":"2024-07-16T10:21:30","date_gmt":"2024-07-16T07:21:30","guid":{"rendered":"https:\/\/turkey-cares.local\/implant\/"},"modified":"2026-02-25T15:24:07","modified_gmt":"2026-02-25T12:24:07","slug":"implant","status":"publish","type":"page","link":"https:\/\/trkycares.com\/fr\/implant\/","title":{"rendered":"IMPLANT"},"content":{"rendered":"<p>Les personnes peuvent rencontrer divers probl\u00e8mes dentaires, les dents manquantes \u00e9tant une pr\u00e9occupation importante tant sur le plan esth\u00e9tique que sanitaire. Cependant, les implants dentaires offrent une solution efficace \u00e0 ce probl\u00e8me. Beaucoup se demandent, qu&rsquo;est-ce qu&rsquo;un implant dentaire ?<\/p>\n<p>Les implants sont des racines dentaires artificielles plac\u00e9es dans l&rsquo;os de la m\u00e2choire pour remplacer les dents manquantes. Cette m\u00e9thode imite la fonction et l&rsquo;apparence des dents naturelles, restaurant la capacit\u00e9 de m\u00e2cher et am\u00e9liorant l&rsquo;esth\u00e9tique de votre sourire. Chez Turkey Cares, nous offrons le meilleur service en mati\u00e8re de traitement par implants avec les derni\u00e8res technologies et notre \u00e9quipe d&rsquo;experts. Obtenir un sourire sain et beau avec un traitement par implants est d\u00e9sormais beaucoup plus facile.<\/p>\n","protected":false},"excerpt":{"rendered":"<p>Les personnes peuvent rencontrer divers probl\u00e8mes dentaires, les dents manquantes \u00e9tant une pr\u00e9occupation importante tant sur le plan esth\u00e9tique que sanitaire. Cependant, les implants dentaires&#8230;<\/p>\n","protected":false},"author":3,"featured_media":0,"parent":0,"menu_order":0,"comment_status":"closed","ping_status":"closed","template":"page-hizmet-detay.php","meta":{"_acf_changed":false,"footnotes":""},"class_list":["post-1889","page","type-page","status-publish","hentry"],"acf":[],"_links":{"self":[{"href":"https:\/\/trkycares.com\/fr\/wp-json\/wp\/v2\/pages\/1889","targetHints":{"allow":["GET"]}}],"collection":[{"href":"https:\/\/trkycares.com\/fr\/wp-json\/wp\/v2\/pages"}],"about":[{"href":"https:\/\/trkycares.com\/fr\/wp-json\/wp\/v2\/types\/page"}],"author":[{"embeddable":true,"href":"https:\/\/trkycares.com\/fr\/wp-json\/wp\/v2\/users\/3"}],"replies":[{"embeddable":true,"href":"https:\/\/trkycares.com\/fr\/wp-json\/wp\/v2\/comments?post=1889"}],"version-history":[{"count":0,"href":"https:\/\/trkycares.com\/fr\/wp-json\/wp\/v2\/pages\/1889\/revisions"}],"wp:attachment":[{"href":"https:\/\/trkycares.com\/fr\/wp-json\/wp\/v2\/media?parent=1889"}],"curies":[{"name":"wp","href":"https:\/\/api.w.org\/{rel}","templated":true}]}}