{"id":1886,"date":"2024-07-16T09:49:37","date_gmt":"2024-07-16T06:49:37","guid":{"rendered":"https:\/\/turkey-cares.local\/dental-treatment\/"},"modified":"2026-02-25T15:23:24","modified_gmt":"2026-02-25T12:23:24","slug":"traitement-dentaire","status":"publish","type":"page","link":"https:\/\/trkycares.com\/fr\/traitement-dentaire\/","title":{"rendered":"Traitement Dentaire"},"content":{"rendered":"<p>Un sourire n&rsquo;est pas seulement un geste ; c&rsquo;est un reflet de confiance et de beaut\u00e9. Cependant, des dents irr\u00e9guli\u00e8res peuvent alt\u00e9rer l&rsquo;attrait de ce sourire. C&rsquo;est l\u00e0 que les appareils dentaires interviennent ; pierre angulaire de l&rsquo;odontologie moderne, ils alignent parfaitement votre sourire et renforcent votre sant\u00e9 bucco-dentaire.<\/p>\n<p>Les appareils dentaires sont des dispositifs orthodontiques qui corrigent les irr\u00e9gularit\u00e9s des dents et des m\u00e2choires. Ces outils peuvent am\u00e9liorer consid\u00e9rablement les caract\u00e9ristiques faciales d&rsquo;une personne et sa sant\u00e9 bucco-dentaire globale en ajustant la position des dents et de la m\u00e2choire.<\/p>\n","protected":false},"excerpt":{"rendered":"<p>Un sourire n&rsquo;est pas seulement un geste ; c&rsquo;est un reflet de confiance et de beaut\u00e9. Cependant, des dents irr\u00e9guli\u00e8res peuvent alt\u00e9rer l&rsquo;attrait de ce&#8230;<\/p>\n","protected":false},"author":3,"featured_media":0,"parent":0,"menu_order":0,"comment_status":"closed","ping_status":"closed","template":"page-hizmet-detay.php","meta":{"_acf_changed":false,"footnotes":""},"class_list":["post-1886","page","type-page","status-publish","hentry"],"acf":[],"_links":{"self":[{"href":"https:\/\/trkycares.com\/fr\/wp-json\/wp\/v2\/pages\/1886","targetHints":{"allow":["GET"]}}],"collection":[{"href":"https:\/\/trkycares.com\/fr\/wp-json\/wp\/v2\/pages"}],"about":[{"href":"https:\/\/trkycares.com\/fr\/wp-json\/wp\/v2\/types\/page"}],"author":[{"embeddable":true,"href":"https:\/\/trkycares.com\/fr\/wp-json\/wp\/v2\/users\/3"}],"replies":[{"embeddable":true,"href":"https:\/\/trkycares.com\/fr\/wp-json\/wp\/v2\/comments?post=1886"}],"version-history":[{"count":0,"href":"https:\/\/trkycares.com\/fr\/wp-json\/wp\/v2\/pages\/1886\/revisions"}],"wp:attachment":[{"href":"https:\/\/trkycares.com\/fr\/wp-json\/wp\/v2\/media?parent=1886"}],"curies":[{"name":"wp","href":"https:\/\/api.w.org\/{rel}","templated":true}]}}